{"id":92844,"date":"2026-02-28T22:22:58","date_gmt":"2026-03-01T01:22:58","guid":{"rendered":"http:\/\/www.antdogs.com\/thewemdb\/?page_id=92844"},"modified":"2026-02-28T22:34:15","modified_gmt":"2026-03-01T01:34:15","slug":"2026-2","status":"publish","type":"page","link":"http:\/\/www.antdogs.com\/thewemdb\/promotions\/eu\/pwo\/events\/2026\/","title":{"rendered":"2026"},"content":{"rendered":"\t\t<div data-elementor-type=\"wp-page\" data-elementor-id=\"92844\" class=\"elementor elementor-92844\">\n\t\t\t\t\t\t<section class=\"elementor-section elementor-top-section elementor-element elementor-element-01ae53f elementor-section-boxed elementor-section-height-default elementor-section-height-default\" data-id=\"01ae53f\" data-element_type=\"section\" data-e-type=\"section\">\n\t\t\t\t\t\t<div class=\"elementor-container elementor-column-gap-default\">\n\t\t\t\t\t<div class=\"elementor-column elementor-col-100 elementor-top-column elementor-element elementor-element-2d997f0\" data-id=\"2d997f0\" data-element_type=\"column\" data-e-type=\"column\">\n\t\t\t<div class=\"elementor-widget-wrap elementor-element-populated\">\n\t\t\t\t\t\t<div class=\"elementor-element elementor-element-53f62d4 elementor-widget elementor-widget-text-editor\" data-id=\"53f62d4\" data-element_type=\"widget\" data-e-type=\"widget\" data-widget_type=\"text-editor.default\">\n\t\t\t\t<div class=\"elementor-widget-container\">\n\t\t\t\t\t\t\t\t\t<div id=\"ez-toc-container\" class=\"ez-toc-v2_0_82_2 counter-hierarchy ez-toc-counter ez-toc-custom ez-toc-container-direction\">\n<label for=\"ez-toc-cssicon-toggle-item-69fd27095772b\" class=\"ez-toc-cssicon-toggle-label\"><div class=\"ez-toc-title\" style=\"cursor:inherit\">2026 in Pro Wrestling \u00d6sterreich<\/div>\n<span class=\"ez-toc-cssicon\"><span class=\"eztoc-hide\" style=\"display:none;\">Toggle<\/span><span class=\"ez-toc-icon-toggle-span\"><svg style=\"fill: #0a0a0a;color:#0a0a0a\" xmlns=\"http:\/\/www.w3.org\/2000\/svg\" class=\"list-377408\" width=\"20px\" height=\"20px\" viewBox=\"0 0 24 24\" fill=\"none\"><path d=\"M6 6H4v2h2V6zm14 0H8v2h12V6zM4 11h2v2H4v-2zm16 0H8v2h12v-2zM4 16h2v2H4v-2zm16 0H8v2h12v-2z\" fill=\"currentColor\"><\/path><\/svg><svg style=\"fill: #0a0a0a;color:#0a0a0a\" class=\"arrow-unsorted-368013\" xmlns=\"http:\/\/www.w3.org\/2000\/svg\" width=\"10px\" height=\"10px\" viewBox=\"0 0 24 24\" version=\"1.2\" baseProfile=\"tiny\"><path d=\"M18.2 9.3l-6.2-6.3-6.2 6.3c-.2.2-.3.4-.3.7s.1.5.3.7c.2.2.4.3.7.3h11c.3 0 .5-.1.7-.3.2-.2.3-.5.3-.7s-.1-.5-.3-.7zM5.8 14.7l6.2 6.3 6.2-6.3c.2-.2.3-.5.3-.7s-.1-.5-.3-.7c-.2-.2-.4-.3-.7-.3h-11c-.3 0-.5.1-.7.3-.2.2-.3.5-.3.7s.1.5.3.7z\"\/><\/svg><\/span><\/span><\/label><input type=\"checkbox\"  id=\"ez-toc-cssicon-toggle-item-69fd27095772b\"  \/><nav><ul class='ez-toc-list ez-toc-list-level-1 ' ><li class='ez-toc-page-1 ez-toc-heading-level-1'><a class=\"ez-toc-link ez-toc-heading-1\" href=\"http:\/\/www.antdogs.com\/thewemdb\/promotions\/eu\/pwo\/events\/2026\/#Kapitel_12_No_Step_Back\" >Kapitel 12: No Step Back<\/a><\/li><\/ul><\/nav><\/div>\n\t\t\t\t\t\t\t\t<\/div>\n\t\t\t\t<\/div>\n\t\t\t\t<div class=\"elementor-element elementor-element-b4e12bb elementor-widget-divider--view-line elementor-widget elementor-widget-divider\" data-id=\"b4e12bb\" data-element_type=\"widget\" data-e-type=\"widget\" data-widget_type=\"divider.default\">\n\t\t\t\t<div class=\"elementor-widget-container\">\n\t\t\t\t\t\t\t<div class=\"elementor-divider\">\n\t\t\t<span class=\"elementor-divider-separator\">\n\t\t\t\t\t\t<\/span>\n\t\t<\/div>\n\t\t\t\t\t\t<\/div>\n\t\t\t\t<\/div>\n\t\t\t\t<div class=\"elementor-element elementor-element-7427c5d elementor-widget elementor-widget-text-editor\" data-id=\"7427c5d\" data-element_type=\"widget\" data-e-type=\"widget\" data-widget_type=\"text-editor.default\">\n\t\t\t\t<div class=\"elementor-widget-container\">\n\t\t\t\t\t\t\t\t\t<h1><span style=\"text-decoration: underline;\"><strong>Kapitel 12: No Step Back<\/strong><\/span><\/h1><p>Date: January 10, 2026<br \/>Arena: Gemeindesaal<br \/>Location: Lanzenkirchen, Lower Austria, Austria<\/p><p><span class=\"entrances-word\"><strong>-----[<span style=\"color: #ff0000;\">ENTRANCES<\/span>]-----<\/strong><\/span><\/p><p><strong>Alex Berkner<\/strong> - \"Sirius (Extended Mix) (Edit) (2:15)\" by Armin van Buuren &amp; AVIRA<br \/><strong>Barbarossa<\/strong> - \"Amazonia\" by Gojira<br \/><strong>Beach Blonde Bastards (Binolt Leach &amp; Joe Bravo)<\/strong> - \"Pacific Coast Highway\" by Fukkk Offf<br \/><strong>Connor Mills &amp; Icarus<\/strong> - \"Connor Mills Theme\" by Filthi<br \/><strong>Guly\u00e1s Bros (Attila Guly\u00e1s &amp; Vilmos Guly\u00e1s)<\/strong> - \"Kis Kece L\u00e1nyom..., Szeg\u00e9ny Leg\u00e9ny Vagyok \u00c9n... (Edit)\" by Palmetta<br \/><strong>Jessy Jay<\/strong> - <span style=\"color: #ff0000;\">\"????\" by ????<\/span><br \/><strong>Laurance Roman<\/strong> - \"Prophet\" by Tatami (from Music Vine)<br \/><strong>Martn Pain<\/strong> - \"Redneck\" by Lamb of God<br \/><strong>Mirko Panic<\/strong> - \"Policia (Jens O RMX)\" by 666<br \/><strong>Nick Schreier<\/strong> - \"Gimme! Gimme! Gimme! (Sgt Slick's Melbourne Recut) (Edit) (1:03)\" by Sgt Slick<br \/><strong>Orsi<\/strong> - <span style=\"color: #ff0000;\">\"????\" by ????<\/span><br \/><strong>Rage<\/strong> - \"Mantronic (Edit) (0:33)\" by W.A.S.P.<br \/><strong>Ricky Sky<\/strong> - <span style=\"color: #ff0000;\">\"????\" by ????<\/span><br \/><strong>Team Turbulence (Tornado &amp; Torpedo)<\/strong> - <span style=\"color: #ff0000;\">\"???? [Turbulence (Original Mix) \/ Static SFX Intro]\" by ????<\/span><br \/><strong>Zafar Ameen<\/strong> - <span style=\"color: #ff0000;\">\"????\" by ????<\/span><\/p>\t\t\t\t\t\t\t\t<\/div>\n\t\t\t\t<\/div>\n\t\t\t\t\t<\/div>\n\t\t<\/div>\n\t\t\t\t\t<\/div>\n\t\t<\/section>\n\t\t\t\t<\/div>\n\t\t","protected":false},"excerpt":{"rendered":"<p>Kapitel 12: No Step Back Date: January 10, 2026Arena: GemeindesaalLocation: Lanzenkirchen, Lower Austria, Austria -----[ENTRANCES]----- Alex Berkner - \"Sirius (Extended Mix) (Edit) (2:15)\" by Armin van Buuren &amp; AVIRABarbarossa - \"Amazonia\" by GojiraBeach Blonde Bastards (Binolt Leach &amp; Joe Bravo) - \"Pacific Coast Highway\" by Fukkk OfffConnor Mills &amp; Icarus - \"Connor Mills Theme\" by...<\/p>\n","protected":false},"author":4,"featured_media":0,"parent":36718,"menu_order":0,"comment_status":"closed","ping_status":"closed","template":"","meta":{"_kad_post_transparent":"","_kad_post_title":"hide","_kad_post_layout":"fullwidth","_kad_post_sidebar_id":"","_kad_post_content_style":"unboxed","_kad_post_vertical_padding":"hide","_kad_post_feature":"hide","_kad_post_feature_position":"","_kad_post_header":false,"_kad_post_footer":false,"_kad_post_classname":"","footnotes":""},"class_list":["post-92844","page","type-page","status-publish","hentry"],"_links":{"self":[{"href":"http:\/\/www.antdogs.com\/thewemdb\/wp-json\/wp\/v2\/pages\/92844","targetHints":{"allow":["GET"]}}],"collection":[{"href":"http:\/\/www.antdogs.com\/thewemdb\/wp-json\/wp\/v2\/pages"}],"about":[{"href":"http:\/\/www.antdogs.com\/thewemdb\/wp-json\/wp\/v2\/types\/page"}],"author":[{"embeddable":true,"href":"http:\/\/www.antdogs.com\/thewemdb\/wp-json\/wp\/v2\/users\/4"}],"replies":[{"embeddable":true,"href":"http:\/\/www.antdogs.com\/thewemdb\/wp-json\/wp\/v2\/comments?post=92844"}],"version-history":[{"count":7,"href":"http:\/\/www.antdogs.com\/thewemdb\/wp-json\/wp\/v2\/pages\/92844\/revisions"}],"predecessor-version":[{"id":92854,"href":"http:\/\/www.antdogs.com\/thewemdb\/wp-json\/wp\/v2\/pages\/92844\/revisions\/92854"}],"up":[{"embeddable":true,"href":"http:\/\/www.antdogs.com\/thewemdb\/wp-json\/wp\/v2\/pages\/36718"}],"wp:attachment":[{"href":"http:\/\/www.antdogs.com\/thewemdb\/wp-json\/wp\/v2\/media?parent=92844"}],"curies":[{"name":"wp","href":"https:\/\/api.w.org\/{rel}","templated":true}]}}