{"id":63171,"date":"2024-12-16T00:35:07","date_gmt":"2024-12-16T03:35:07","guid":{"rendered":"http:\/\/www.antdogs.com\/thewemdb\/?page_id=63171"},"modified":"2025-01-25T12:31:44","modified_gmt":"2025-01-25T15:31:44","slug":"2023-2","status":"publish","type":"page","link":"http:\/\/www.antdogs.com\/thewemdb\/promotions\/na\/wrestlecon\/events\/2023\/","title":{"rendered":"2023"},"content":{"rendered":"\t\t<div data-elementor-type=\"wp-page\" data-elementor-id=\"63171\" class=\"elementor elementor-63171\">\n\t\t\t\t\t\t<section class=\"elementor-section elementor-top-section elementor-element elementor-element-848def5 elementor-section-boxed elementor-section-height-default elementor-section-height-default\" data-id=\"848def5\" data-element_type=\"section\" data-e-type=\"section\">\n\t\t\t\t\t\t<div class=\"elementor-container elementor-column-gap-default\">\n\t\t\t\t\t<div class=\"elementor-column elementor-col-100 elementor-top-column elementor-element elementor-element-6d0e177\" data-id=\"6d0e177\" data-element_type=\"column\" data-e-type=\"column\">\n\t\t\t<div class=\"elementor-widget-wrap elementor-element-populated\">\n\t\t\t\t\t\t<div class=\"elementor-element elementor-element-e4423ef elementor-widget elementor-widget-text-editor\" data-id=\"e4423ef\" data-element_type=\"widget\" data-e-type=\"widget\" data-widget_type=\"text-editor.default\">\n\t\t\t\t<div class=\"elementor-widget-container\">\n\t\t\t\t\t\t\t\t\t<h1><span style=\"text-decoration: underline;\"><strong>Mark Hitchcock Memorial Supershow 2023<\/strong><\/span><\/h1><p>(Broadcast) Date: March 30, 2023<br \/>Arena: Globe Theatre<br \/>Location: Los Angeles, California, USA<br \/>Network: Highspots.com<\/p><p><span class=\"entrances-word\"><strong>-----[<span style=\"color: #ff0000;\">ENTRANCES<\/span>]-----<\/strong><\/span><\/p><p><strong>Aram\u00eds, Galeno del Mal &amp; Rey Horus<\/strong> - \"X Gon' Give It to Ya (Radio Edit)\" by DMX<br \/><strong>Arez, Laredo Kid &amp; L\u00e1tigo<\/strong> - \"Rock You Like a Hurricane\" by Scorpions<br \/><strong>Black Taurus<\/strong> - \"The Devil in I\" by Slipknot<br \/><strong>Blake Christian<\/strong> - \"The Bomb Dot Com V2.0\" by Sleeping With Sirens<br \/><strong>Bryan Keith<\/strong> - \"Still Tippin' (Music Video Version)\" by Mike Jones feat. Paul Wall &amp; Slim Thug<br \/><strong>Christopher Daniels<\/strong> - \"Wings of a Fallen Angel (V1)\" by Dale Oliver<br \/><strong>El Hijo del Vikingo<\/strong> - <span style=\"color: #ff0000;\">\"????\" by ????<\/span><br \/><strong>Hikari Noa, Miu Watanabe, Nao Kakuta, Raku &amp; Rika Tatsumi<\/strong> - \"Koi to Kakumei (Edit) (0:12)\" by typhonKAZ feat. Rika Tatsumi<br \/><strong>Hyper Misao, Mizuki, Shoko Nakajima, Yuki Aino &amp; Yuki Kamifuku<\/strong> - \"Secret bunny (Edit) (0:23)\" by YMZnoMASAKI<br \/><strong>Ken Shamrock<\/strong> - \"The Ultimate\" by Jim Johnston<br \/><strong>KENTA<\/strong> - \"Cicatriz\" by Kamixlo<br \/><strong>Komander<\/strong> - \"\u00bfQui\u00e9n Anda Ah\u00ed? \u00d7 What U Gon' Do\" by Tokemusick \/ Lil Jon &amp; The East Side Boyz feat. Lil Scrappy<br \/><strong>Michael Oku<\/strong> - <span style=\"color: #ff0000;\">\"No Control (Edit) [???? \/ \"Now We Play\" Intro]\" by Mikey Rukus feat. Doe the Paperboy &amp; Tristan McIntosh<\/span><br \/><strong>Mick Foley<\/strong> - \"Wreck (V2)\" by Jim Johnston<br \/><strong>Mike Bailey<\/strong> - \"Brass Monkey\" by Beastie Boys<br \/><strong>Negro Casas<\/strong> - \"El Costo de la Vida\" by Juan Luis Guerra 440<br \/><strong>Shigehiro Irie<\/strong> - \"T2 (Tachimukau Ver. 2)\" by Kinniku Sh\u014djo Tai<br \/><strong>Time Machine (Alex Shelley, Chris Sabin &amp; KUSHIDA)<\/strong> - \"Motor City (V1)\" by Dale Oliver &amp; Serg Salinas feat. Adam Skaggs<br \/><strong>Tom Lawlor<\/strong> - \"Team Filthy\" by [Q]Brick<br \/><strong>\u00daltimo Drag\u00f3n<\/strong> - \"Separados\" by Luis Miguel<br \/><strong>United Empire (Jeff Cobb, Kyle Fletcher &amp; Mark Davis)<\/strong> - \"EATER of WORLD\" by Yonosuke Kitamura<br \/><strong>United Empire (Jeff Cobb, Kyle Fletcher &amp; Mark Davis) (Exit)<\/strong> - \"AUSSIE AUSSIE AUSSIE\" by Mikey Rukus<\/p>\t\t\t\t\t\t\t\t<\/div>\n\t\t\t\t<\/div>\n\t\t\t\t\t<\/div>\n\t\t<\/div>\n\t\t\t\t\t<\/div>\n\t\t<\/section>\n\t\t\t\t<\/div>\n\t\t","protected":false},"excerpt":{"rendered":"<p>Mark Hitchcock Memorial Supershow 2023 (Broadcast) Date: March 30, 2023Arena: Globe TheatreLocation: Los Angeles, California, USANetwork: Highspots.com -----[ENTRANCES]----- Aram\u00eds, Galeno del Mal &amp; Rey Horus - \"X Gon' Give It to Ya (Radio Edit)\" by DMXArez, Laredo Kid &amp; L\u00e1tigo - \"Rock You Like a Hurricane\" by ScorpionsBlack Taurus - \"The Devil in I\" by...<\/p>\n","protected":false},"author":4,"featured_media":0,"parent":63115,"menu_order":0,"comment_status":"closed","ping_status":"closed","template":"","meta":{"_kad_post_transparent":"","_kad_post_title":"","_kad_post_layout":"","_kad_post_sidebar_id":"","_kad_post_content_style":"","_kad_post_vertical_padding":"","_kad_post_feature":"","_kad_post_feature_position":"","_kad_post_header":false,"_kad_post_footer":false,"_kad_post_classname":"","footnotes":""},"class_list":["post-63171","page","type-page","status-publish","hentry"],"_links":{"self":[{"href":"http:\/\/www.antdogs.com\/thewemdb\/wp-json\/wp\/v2\/pages\/63171","targetHints":{"allow":["GET"]}}],"collection":[{"href":"http:\/\/www.antdogs.com\/thewemdb\/wp-json\/wp\/v2\/pages"}],"about":[{"href":"http:\/\/www.antdogs.com\/thewemdb\/wp-json\/wp\/v2\/types\/page"}],"author":[{"embeddable":true,"href":"http:\/\/www.antdogs.com\/thewemdb\/wp-json\/wp\/v2\/users\/4"}],"replies":[{"embeddable":true,"href":"http:\/\/www.antdogs.com\/thewemdb\/wp-json\/wp\/v2\/comments?post=63171"}],"version-history":[{"count":7,"href":"http:\/\/www.antdogs.com\/thewemdb\/wp-json\/wp\/v2\/pages\/63171\/revisions"}],"predecessor-version":[{"id":66523,"href":"http:\/\/www.antdogs.com\/thewemdb\/wp-json\/wp\/v2\/pages\/63171\/revisions\/66523"}],"up":[{"embeddable":true,"href":"http:\/\/www.antdogs.com\/thewemdb\/wp-json\/wp\/v2\/pages\/63115"}],"wp:attachment":[{"href":"http:\/\/www.antdogs.com\/thewemdb\/wp-json\/wp\/v2\/media?parent=63171"}],"curies":[{"name":"wp","href":"https:\/\/api.w.org\/{rel}","templated":true}]}}