{"id":52727,"date":"2024-08-08T19:14:58","date_gmt":"2024-08-08T22:14:58","guid":{"rendered":"http:\/\/www.antdogs.com\/thewemdb\/?page_id=52727"},"modified":"2026-04-06T16:08:20","modified_gmt":"2026-04-06T19:08:20","slug":"list","status":"publish","type":"page","link":"http:\/\/www.antdogs.com\/thewemdb\/promotions\/sa\/quilombo\/list\/","title":{"rendered":"List"},"content":{"rendered":"\t\t<div data-elementor-type=\"wp-page\" data-elementor-id=\"52727\" class=\"elementor elementor-52727\">\n\t\t\t\t\t\t<section class=\"elementor-section elementor-top-section elementor-element elementor-element-cf17b97 elementor-section-boxed elementor-section-height-default elementor-section-height-default\" data-id=\"cf17b97\" data-element_type=\"section\" data-e-type=\"section\">\n\t\t\t\t\t\t<div class=\"elementor-container elementor-column-gap-default\">\n\t\t\t\t\t<div class=\"elementor-column elementor-col-100 elementor-top-column elementor-element elementor-element-de77c8c\" data-id=\"de77c8c\" data-element_type=\"column\" data-e-type=\"column\">\n\t\t\t<div class=\"elementor-widget-wrap elementor-element-populated\">\n\t\t\t\t\t\t<div class=\"elementor-element elementor-element-cde0589 elementor-widget elementor-widget-heading\" data-id=\"cde0589\" data-element_type=\"widget\" data-e-type=\"widget\" data-widget_type=\"heading.default\">\n\t\t\t\t<div class=\"elementor-widget-container\">\n\t\t\t\t\t<h1 class=\"elementor-heading-title elementor-size-default\">Quilombo: Wrestling Argento Entrance Music List<\/h1>\t\t\t\t<\/div>\n\t\t\t\t<\/div>\n\t\t\t\t\t<\/div>\n\t\t<\/div>\n\t\t\t\t\t<\/div>\n\t\t<\/section>\n\t\t\t\t<section class=\"elementor-section elementor-top-section elementor-element elementor-element-ea3655c elementor-section-boxed elementor-section-height-default elementor-section-height-default\" data-id=\"ea3655c\" data-element_type=\"section\" data-e-type=\"section\">\n\t\t\t\t\t\t<div class=\"elementor-container elementor-column-gap-default\">\n\t\t\t\t\t<div class=\"elementor-column elementor-col-100 elementor-top-column elementor-element elementor-element-61c783a\" data-id=\"61c783a\" data-element_type=\"column\" data-e-type=\"column\">\n\t\t\t<div class=\"elementor-widget-wrap elementor-element-populated\">\n\t\t\t\t\t\t<div class=\"elementor-element elementor-element-6e11168 elementor-widget elementor-widget-heading\" data-id=\"6e11168\" data-element_type=\"widget\" data-e-type=\"widget\" data-widget_type=\"heading.default\">\n\t\t\t\t<div class=\"elementor-widget-container\">\n\t\t\t\t\t<h2 class=\"elementor-heading-title elementor-size-default\">Wrestlers<\/h2>\t\t\t\t<\/div>\n\t\t\t\t<\/div>\n\t\t\t\t\t<\/div>\n\t\t<\/div>\n\t\t\t\t\t<\/div>\n\t\t<\/section>\n\t\t\t\t<section class=\"elementor-section elementor-top-section elementor-element elementor-element-574dbfd elementor-section-boxed elementor-section-height-default elementor-section-height-default\" data-id=\"574dbfd\" data-element_type=\"section\" data-e-type=\"section\">\n\t\t\t\t\t\t<div class=\"elementor-container elementor-column-gap-default\">\n\t\t\t\t\t<div class=\"elementor-column elementor-col-100 elementor-top-column elementor-element elementor-element-9cf1982\" data-id=\"9cf1982\" data-element_type=\"column\" data-e-type=\"column\">\n\t\t\t<div class=\"elementor-widget-wrap elementor-element-populated\">\n\t\t\t\t\t\t<div class=\"elementor-element elementor-element-f213e06 elementor-widget elementor-widget-text-editor\" data-id=\"f213e06\" data-element_type=\"widget\" data-e-type=\"widget\" data-widget_type=\"text-editor.default\">\n\t\t\t\t<div class=\"elementor-widget-container\">\n\t\t\t\t\t\t\t\t\t<p><strong><span class=\"subject-name\">Bobby Cruz<\/span><\/strong><br \/>01 - <strong>\"9 de Julio\"<\/strong> by Callejeros (\"Se\u00f1ales\")<br \/>\u2014 [2024.06.30 - Cap\u00edtulo 5: Reyes del Quilombo] <em>Edit<\/em><\/p>\t\t\t\t\t\t\t\t<\/div>\n\t\t\t\t<\/div>\n\t\t\t\t<div class=\"elementor-element elementor-element-fdeea82 elementor-widget elementor-widget-text-editor\" data-id=\"fdeea82\" data-element_type=\"widget\" data-e-type=\"widget\" data-widget_type=\"text-editor.default\">\n\t\t\t\t<div class=\"elementor-widget-container\">\n\t\t\t\t\t\t\t\t\t<p><span class=\"subject-name\"><strong>Divinna<\/strong><\/span><br \/>01 - <span style=\"color: #ff0000;\"><strong>\"????\"<\/strong><\/span><br \/>\u2014 [2023.03.04 - Cap\u00edtulo 1: Pi\u00f1as Van, Pi\u00f1as Vienen]<\/p><p><span class=\"subject-name\"><strong>Django<\/strong><\/span><br \/>01 - <strong>\"At Least Give Me My Dreams Back, You Negligent Whore!\"<\/strong> by Adept (\"Another Year of Disaster\")<br \/>\u2014 [<span style=\"color: #ff0000;\">2024.06.30 - Cap\u00edtulo 5: Reyes del Quilombo<\/span>] <em>Edit<\/em><\/p>\t\t\t\t\t\t\t\t<\/div>\n\t\t\t\t<\/div>\n\t\t\t\t<div class=\"elementor-element elementor-element-8823b82 elementor-widget elementor-widget-text-editor\" data-id=\"8823b82\" data-element_type=\"widget\" data-e-type=\"widget\" data-widget_type=\"text-editor.default\">\n\t\t\t\t<div class=\"elementor-widget-container\">\n\t\t\t\t\t\t\t\t\t<p><span class=\"subject-name\"><strong>Enigma 17<\/strong><\/span><br \/>01 - <strong>\"WHT Do U WNT FRM Me\"<\/strong> by Rehab (\"Graffiti the World\")<br \/>\u2014 [2023.03.04 - Cap\u00edtulo 1: Pi\u00f1as Van, Pi\u00f1as Vienen]<\/p><p><span class=\"subject-name\"><strong>Enzo Roa<\/strong><\/span><br \/>01 - <strong>\"Your Time Has Come\"<\/strong> by Audioslave (\"Out of Exile\")<br \/>\u2014 [<span style=\"color: #ff0000;\">2024.06.30 - Cap\u00edtulo 5: Reyes del Quilombo<\/span>]<\/p>\t\t\t\t\t\t\t\t<\/div>\n\t\t\t\t<\/div>\n\t\t\t\t<div class=\"elementor-element elementor-element-08fc0d1 elementor-widget elementor-widget-text-editor\" data-id=\"08fc0d1\" data-element_type=\"widget\" data-e-type=\"widget\" data-widget_type=\"text-editor.default\">\n\t\t\t\t<div class=\"elementor-widget-container\">\n\t\t\t\t\t\t\t\t\t<p><span class=\"subject-name\"><strong>Herco Wisky<\/strong><\/span><br \/>01 - <span style=\"color: #ff0000;\"><strong>\"????\"<\/strong><\/span><br \/>\u2014 [2023.03.04 - Cap\u00edtulo 1: Pi\u00f1as Van, Pi\u00f1as Vienen]<br \/>02 -<strong> \"Toxic People\"<\/strong> by Joyce Muniz feat. DEMETR1US (\"Toxic People - Single\")<br \/>\u2014 [<span style=\"color: #ff0000;\">2024.06.30 - Cap\u00edtulo 5: Reyes del Quilombo<\/span>] <em>Edit #1 w\/<span style=\"color: #ff0000;\"><strong> ????<\/strong><\/span> Intro<\/em><\/p>\t\t\t\t\t\t\t\t<\/div>\n\t\t\t\t<\/div>\n\t\t\t\t<div class=\"elementor-element elementor-element-8a84c96 elementor-widget elementor-widget-text-editor\" data-id=\"8a84c96\" data-element_type=\"widget\" data-e-type=\"widget\" data-widget_type=\"text-editor.default\">\n\t\t\t\t<div class=\"elementor-widget-container\">\n\t\t\t\t\t\t\t\t\t<p><strong><span class=\"subject-name\">J-Master<\/span><\/strong><br \/>01 -<strong> \"Wild Child\"<\/strong> by The Struts &amp; Tom Morello (\"Strange Days\")<br \/>\u2014 [2023.03.04 - Cap\u00edtulo 1: Pi\u00f1as Van, Pi\u00f1as Vienen]<\/p>\t\t\t\t\t\t\t\t<\/div>\n\t\t\t\t<\/div>\n\t\t\t\t<div class=\"elementor-element elementor-element-f269ecf elementor-widget elementor-widget-text-editor\" data-id=\"f269ecf\" data-element_type=\"widget\" data-e-type=\"widget\" data-widget_type=\"text-editor.default\">\n\t\t\t\t<div class=\"elementor-widget-container\">\n\t\t\t\t\t\t\t\t\t<p><strong><span class=\"subject-name\">King Dixon<\/span><\/strong><br \/>01 -<span style=\"color: #ff0000;\"><strong> \"????\"<\/strong><\/span><br \/>\u2014 [2024.06.30 - Cap\u00edtulo 5: Reyes del Quilombo]<\/p>\t\t\t\t\t\t\t\t<\/div>\n\t\t\t\t<\/div>\n\t\t\t\t<div class=\"elementor-element elementor-element-968291f elementor-widget elementor-widget-text-editor\" data-id=\"968291f\" data-element_type=\"widget\" data-e-type=\"widget\" data-widget_type=\"text-editor.default\">\n\t\t\t\t<div class=\"elementor-widget-container\">\n\t\t\t\t\t\t\t\t\t<p><strong><span class=\"subject-name\">Lola Grey<\/span><\/strong><br \/>01 - <strong>\"Dirrty\"<\/strong> by Christina Aguilera feat. Redman (\"Stipped\")<br \/>\u2014 [<span style=\"color: #ff0000;\">2024.06.30 - Cap\u00edtulo 5: Reyes del Quilombo<\/span>] <em>Edit<\/em><\/p><p><strong><span class=\"subject-name\">Lucio<\/span><\/strong><br \/>01 - <span style=\"color: #ff0000;\"><strong>\"????\"<\/strong><\/span><br \/>\u2014 [2023.03.04 - Cap\u00edtulo 1: Pi\u00f1as Van, Pi\u00f1as Vienen]<br \/>02 - <strong>\"Juegos de Seducci\u00f3n\"<\/strong> by Soda Stereo (\"Nada Personal\")<br \/>\u2014 [<span style=\"color: #ff0000;\">2024.06.30 - Cap\u00edtulo 5: Reyes del Quilombo<\/span>]<\/p><p><span class=\"subject-name\"><strong>Luke Luman<\/strong><\/span><br \/>01 - <strong>\"DARE\"<\/strong> by Gorillaz feat. Shaun Ryder (\"Demon Days\")<br \/>\u2014 [2024.06.30 - Cap\u00edtulo 5: Reyes del Quilombo]<\/p>\t\t\t\t\t\t\t\t<\/div>\n\t\t\t\t<\/div>\n\t\t\t\t<div class=\"elementor-element elementor-element-d64e3a0 elementor-widget elementor-widget-text-editor\" data-id=\"d64e3a0\" data-element_type=\"widget\" data-e-type=\"widget\" data-widget_type=\"text-editor.default\">\n\t\t\t\t<div class=\"elementor-widget-container\">\n\t\t\t\t\t\t\t\t\t<p><strong><span class=\"subject-name\">Matt Del Mul<\/span><\/strong><br \/>01 - <strong>\"Livin' on a Prayer\"<\/strong> by Bon Jovi (\"Slippery When Wet\")<br \/>\u2014 [<span style=\"color: #ff0000;\">2024.06.30 - Cap\u00edtulo 5: Reyes del Quilombo<\/span>] <em>Edit<\/em><\/p><p><span class=\"subject-name\"><strong>Mirko<\/strong><\/span><br \/>01 -<span style=\"color: #ff0000;\"><strong> \"????\"<\/strong><\/span><br \/>\u2014 [<span style=\"color: #ff0000;\">2024.06.30 - Cap\u00edtulo 5: Reyes del Quilombo<\/span>]<\/p>\t\t\t\t\t\t\t\t<\/div>\n\t\t\t\t<\/div>\n\t\t\t\t<div class=\"elementor-element elementor-element-90a21eb elementor-widget elementor-widget-text-editor\" data-id=\"90a21eb\" data-element_type=\"widget\" data-e-type=\"widget\" data-widget_type=\"text-editor.default\">\n\t\t\t\t<div class=\"elementor-widget-container\">\n\t\t\t\t\t\t\t\t\t<p><strong><span class=\"subject-name\">La Nelli<\/span><\/strong><br \/>01 - <strong>\"Toxic People\"<\/strong> by Joyce Muniz feat. DEMETR1US (\"Toxic People - Single\")<br \/>\u2014 [<span style=\"color: #ff0000;\">2024.06.30 - Cap\u00edtulo 5: Reyes del Quilombo<\/span>] <em>Edit #2<\/em><\/p>\t\t\t\t\t\t\t\t<\/div>\n\t\t\t\t<\/div>\n\t\t\t\t<div class=\"elementor-element elementor-element-eda62af elementor-widget elementor-widget-text-editor\" data-id=\"eda62af\" data-element_type=\"widget\" data-e-type=\"widget\" data-widget_type=\"text-editor.default\">\n\t\t\t\t<div class=\"elementor-widget-container\">\n\t\t\t\t\t\t\t\t\t<p><strong><span class=\"subject-name\">Percy<\/span><\/strong><br \/>01 - <strong>\"Robot Rock\"<\/strong> by Daft Punk (\"Human After All\")<br \/>\u2014 [<span style=\"color: #ff0000;\">2024.06.30 - Cap\u00edtulo 5: Reyes del Quilombo<\/span>] <em>Edit<\/em><\/p>\t\t\t\t\t\t\t\t<\/div>\n\t\t\t\t<\/div>\n\t\t\t\t<div class=\"elementor-element elementor-element-68d4bba elementor-widget elementor-widget-text-editor\" data-id=\"68d4bba\" data-element_type=\"widget\" data-e-type=\"widget\" data-widget_type=\"text-editor.default\">\n\t\t\t\t<div class=\"elementor-widget-container\">\n\t\t\t\t\t\t\t\t\t<p><strong><span class=\"subject-name\">Remy<\/span><\/strong><br \/>01 - <strong>\"Revenant\"<\/strong> by Behind the Fallen (\"Revenant - Single\")<br \/>\u2014 [<span style=\"color: #ff0000;\">2024.06.30 - Cap\u00edtulo 5: Reyes del Quilombo<\/span>]<\/p>\t\t\t\t\t\t\t\t<\/div>\n\t\t\t\t<\/div>\n\t\t\t\t<div class=\"elementor-element elementor-element-38d8b3a elementor-widget elementor-widget-text-editor\" data-id=\"38d8b3a\" data-element_type=\"widget\" data-e-type=\"widget\" data-widget_type=\"text-editor.default\">\n\t\t\t\t<div class=\"elementor-widget-container\">\n\t\t\t\t\t\t\t\t\t<p><strong><span class=\"subject-name\">Taylor Wolf<\/span><\/strong><br \/>01 - <span style=\"color: #ff0000;\"><strong>\"????\"<\/strong><\/span><br \/>\u2014 [2023.03.04 - Cap\u00edtulo 1: Pi\u00f1as Van, Pi\u00f1as Vienen]<\/p><p><span class=\"subject-name\"><strong>Teo Griffin<\/strong><\/span><br \/>01 - <strong>\"GANAS\"<\/strong> by YSY A (\"EL AFTER DEL AFTER\")<br \/>\u2014 [<span style=\"color: #ff0000;\">2024.06.30 - Cap\u00edtulo 5: Reyes del Quilombo<\/span>] <em>Edit w\/ Let Me Live \/ Let Me Die Intro<\/em><\/p>\t\t\t\t\t\t\t\t<\/div>\n\t\t\t\t<\/div>\n\t\t\t\t\t<\/div>\n\t\t<\/div>\n\t\t\t\t\t<\/div>\n\t\t<\/section>\n\t\t\t\t<section class=\"elementor-section elementor-top-section elementor-element elementor-element-9070d95 elementor-section-boxed elementor-section-height-default elementor-section-height-default\" data-id=\"9070d95\" data-element_type=\"section\" data-e-type=\"section\">\n\t\t\t\t\t\t<div class=\"elementor-container elementor-column-gap-default\">\n\t\t\t\t\t<div class=\"elementor-column elementor-col-100 elementor-top-column elementor-element elementor-element-314533b\" data-id=\"314533b\" data-element_type=\"column\" data-e-type=\"column\">\n\t\t\t<div class=\"elementor-widget-wrap elementor-element-populated\">\n\t\t\t\t\t\t<div class=\"elementor-element elementor-element-4522205 elementor-widget elementor-widget-heading\" data-id=\"4522205\" data-element_type=\"widget\" data-e-type=\"widget\" data-widget_type=\"heading.default\">\n\t\t\t\t<div class=\"elementor-widget-container\">\n\t\t\t\t\t<h2 class=\"elementor-heading-title elementor-size-default\">Tag Teams \/ Stables<\/h2>\t\t\t\t<\/div>\n\t\t\t\t<\/div>\n\t\t\t\t\t<\/div>\n\t\t<\/div>\n\t\t\t\t\t<\/div>\n\t\t<\/section>\n\t\t\t\t<section class=\"elementor-section elementor-top-section elementor-element elementor-element-0bdd2b0 elementor-section-boxed elementor-section-height-default elementor-section-height-default\" data-id=\"0bdd2b0\" data-element_type=\"section\" data-e-type=\"section\">\n\t\t\t\t\t\t<div class=\"elementor-container elementor-column-gap-default\">\n\t\t\t\t\t<div class=\"elementor-column elementor-col-100 elementor-top-column elementor-element elementor-element-5d4030c\" data-id=\"5d4030c\" data-element_type=\"column\" data-e-type=\"column\">\n\t\t\t<div class=\"elementor-widget-wrap elementor-element-populated\">\n\t\t\t\t\t\t<div class=\"elementor-element elementor-element-93cad0d elementor-widget elementor-widget-text-editor\" data-id=\"93cad0d\" data-element_type=\"widget\" data-e-type=\"widget\" data-widget_type=\"text-editor.default\">\n\t\t\t\t<div class=\"elementor-widget-container\">\n\t\t\t\t\t\t\t\t\t<p><strong><span class=\"subjecttag-name\">Best 4 Business<\/span><\/strong> <em>(The John Fox, King Dixon &amp; Travis Wick)<\/em><br \/>01 - <span style=\"color: #ff0000;\"><strong>\"????\"<\/strong><\/span><br \/>\u2014 [2024.06.30 - Cap\u00edtulo 5: Reyes del Quilombo]<\/p>\t\t\t\t\t\t\t\t<\/div>\n\t\t\t\t<\/div>\n\t\t\t\t<div class=\"elementor-element elementor-element-c630594 elementor-widget elementor-widget-text-editor\" data-id=\"c630594\" data-element_type=\"widget\" data-e-type=\"widget\" data-widget_type=\"text-editor.default\">\n\t\t\t\t<div class=\"elementor-widget-container\">\n\t\t\t\t\t\t\t\t\t<p><strong><span class=\"subjecttag-name\">Los Elegidos<\/span><\/strong> <em>(Django &amp; Mat\u00edas Dragonetti)<\/em><br \/>01 - <span style=\"color: #ff0000;\"><strong>\"????\"<\/strong><\/span><br \/>\u2014 [2023.03.04 - Cap\u00edtulo 1: Pi\u00f1as Van, Pi\u00f1as Vienen]<\/p>\t\t\t\t\t\t\t\t<\/div>\n\t\t\t\t<\/div>\n\t\t\t\t\t<\/div>\n\t\t<\/div>\n\t\t\t\t\t<\/div>\n\t\t<\/section>\n\t\t\t\t<\/div>\n\t\t","protected":false},"excerpt":{"rendered":"<p>Quilombo: Wrestling Argento Entrance Music List Wrestlers Bobby Cruz01 - \"9 de Julio\" by Callejeros (\"Se\u00f1ales\")\u2014 [2024.06.30 - Cap\u00edtulo 5: Reyes del Quilombo] Edit Divinna01 - \"????\"\u2014 [2023.03.04 - Cap\u00edtulo 1: Pi\u00f1as Van, Pi\u00f1as Vienen] Django01 - \"At Least Give Me My Dreams Back, You Negligent Whore!\" by Adept (\"Another Year of Disaster\")\u2014 [2024.06.30 -...<\/p>\n","protected":false},"author":4,"featured_media":0,"parent":52702,"menu_order":0,"comment_status":"closed","ping_status":"closed","template":"","meta":{"_kad_post_transparent":"","_kad_post_title":"","_kad_post_layout":"","_kad_post_sidebar_id":"","_kad_post_content_style":"","_kad_post_vertical_padding":"","_kad_post_feature":"","_kad_post_feature_position":"","_kad_post_header":false,"_kad_post_footer":false,"_kad_post_classname":"","footnotes":""},"class_list":["post-52727","page","type-page","status-publish","hentry"],"_links":{"self":[{"href":"http:\/\/www.antdogs.com\/thewemdb\/wp-json\/wp\/v2\/pages\/52727","targetHints":{"allow":["GET"]}}],"collection":[{"href":"http:\/\/www.antdogs.com\/thewemdb\/wp-json\/wp\/v2\/pages"}],"about":[{"href":"http:\/\/www.antdogs.com\/thewemdb\/wp-json\/wp\/v2\/types\/page"}],"author":[{"embeddable":true,"href":"http:\/\/www.antdogs.com\/thewemdb\/wp-json\/wp\/v2\/users\/4"}],"replies":[{"embeddable":true,"href":"http:\/\/www.antdogs.com\/thewemdb\/wp-json\/wp\/v2\/comments?post=52727"}],"version-history":[{"count":31,"href":"http:\/\/www.antdogs.com\/thewemdb\/wp-json\/wp\/v2\/pages\/52727\/revisions"}],"predecessor-version":[{"id":96402,"href":"http:\/\/www.antdogs.com\/thewemdb\/wp-json\/wp\/v2\/pages\/52727\/revisions\/96402"}],"up":[{"embeddable":true,"href":"http:\/\/www.antdogs.com\/thewemdb\/wp-json\/wp\/v2\/pages\/52702"}],"wp:attachment":[{"href":"http:\/\/www.antdogs.com\/thewemdb\/wp-json\/wp\/v2\/media?parent=52727"}],"curies":[{"name":"wp","href":"https:\/\/api.w.org\/{rel}","templated":true}]}}