{"id":49360,"date":"2024-06-13T03:00:52","date_gmt":"2024-06-13T06:00:52","guid":{"rendered":"http:\/\/www.antdogs.com\/thewemdb\/?page_id=49360"},"modified":"2026-03-03T13:51:46","modified_gmt":"2026-03-03T16:51:46","slug":"2020-2","status":"publish","type":"page","link":"http:\/\/www.antdogs.com\/thewemdb\/promotions\/eu\/progress\/events\/2020\/","title":{"rendered":"2020"},"content":{"rendered":"\t\t<div data-elementor-type=\"wp-page\" data-elementor-id=\"49360\" class=\"elementor elementor-49360\">\n\t\t\t\t\t\t<section class=\"elementor-section elementor-top-section elementor-element elementor-element-2a1bfc3 elementor-section-boxed elementor-section-height-default elementor-section-height-default\" data-id=\"2a1bfc3\" data-element_type=\"section\" data-e-type=\"section\">\n\t\t\t\t\t\t<div class=\"elementor-container elementor-column-gap-default\">\n\t\t\t\t\t<div class=\"elementor-column elementor-col-100 elementor-top-column elementor-element elementor-element-3f89ff8\" data-id=\"3f89ff8\" data-element_type=\"column\" data-e-type=\"column\">\n\t\t\t<div class=\"elementor-widget-wrap elementor-element-populated\">\n\t\t\t\t\t\t<div class=\"elementor-element elementor-element-3bf33c5 elementor-widget elementor-widget-text-editor\" data-id=\"3bf33c5\" data-element_type=\"widget\" data-e-type=\"widget\" data-widget_type=\"text-editor.default\">\n\t\t\t\t<div class=\"elementor-widget-container\">\n\t\t\t\t\t\t\t\t\t<div id=\"ez-toc-container\" class=\"ez-toc-v2_0_82_2 counter-hierarchy ez-toc-counter ez-toc-custom ez-toc-container-direction\">\n<label for=\"ez-toc-cssicon-toggle-item-69fd35c894678\" class=\"ez-toc-cssicon-toggle-label\"><div class=\"ez-toc-title\" style=\"cursor:inherit\">2020 in PROGRESS Wrestling<\/div>\n<span class=\"ez-toc-cssicon\"><span class=\"eztoc-hide\" style=\"display:none;\">Toggle<\/span><span class=\"ez-toc-icon-toggle-span\"><svg style=\"fill: #0a0a0a;color:#0a0a0a\" xmlns=\"http:\/\/www.w3.org\/2000\/svg\" class=\"list-377408\" width=\"20px\" height=\"20px\" viewBox=\"0 0 24 24\" fill=\"none\"><path d=\"M6 6H4v2h2V6zm14 0H8v2h12V6zM4 11h2v2H4v-2zm16 0H8v2h12v-2zM4 16h2v2H4v-2zm16 0H8v2h12v-2z\" fill=\"currentColor\"><\/path><\/svg><svg style=\"fill: #0a0a0a;color:#0a0a0a\" class=\"arrow-unsorted-368013\" xmlns=\"http:\/\/www.w3.org\/2000\/svg\" width=\"10px\" height=\"10px\" viewBox=\"0 0 24 24\" version=\"1.2\" baseProfile=\"tiny\"><path d=\"M18.2 9.3l-6.2-6.3-6.2 6.3c-.2.2-.3.4-.3.7s.1.5.3.7c.2.2.4.3.7.3h11c.3 0 .5-.1.7-.3.2-.2.3-.5.3-.7s-.1-.5-.3-.7zM5.8 14.7l6.2 6.3 6.2-6.3c.2-.2.3-.5.3-.7s-.1-.5-.3-.7c-.2-.2-.4-.3-.7-.3h-11c-.3 0-.5.1-.7.3-.2.2-.3.5-.3.7s.1.5.3.7z\"\/><\/svg><\/span><\/span><\/label><input type=\"checkbox\"  id=\"ez-toc-cssicon-toggle-item-69fd35c894678\"  \/><nav><ul class='ez-toc-list ez-toc-list-level-1 ' ><li class='ez-toc-page-1 ez-toc-heading-level-1'><a class=\"ez-toc-link ez-toc-heading-1\" href=\"http:\/\/www.antdogs.com\/thewemdb\/promotions\/eu\/progress\/events\/2020\/#Chapter_101_Dalmatians\">Chapter 101: Dalmatians<\/a><\/li><li class='ez-toc-page-1 ez-toc-heading-level-1'><a class=\"ez-toc-link ez-toc-heading-2\" href=\"http:\/\/www.antdogs.com\/thewemdb\/promotions\/eu\/progress\/events\/2020\/#Chapter_102_Bang_Tidy\">Chapter 102: Bang Tidy<\/a><\/li><li class='ez-toc-page-1 ez-toc-heading-level-1'><a class=\"ez-toc-link ez-toc-heading-3\" href=\"http:\/\/www.antdogs.com\/thewemdb\/promotions\/eu\/progress\/events\/2020\/#Chapter_103_Beer_Snake_City\">Chapter 103: Beer Snake City<\/a><\/li><\/ul><\/nav><\/div>\n\t\t\t\t\t\t\t\t<\/div>\n\t\t\t\t<\/div>\n\t\t\t\t<div class=\"elementor-element elementor-element-a215eba elementor-widget-divider--view-line elementor-widget elementor-widget-divider\" data-id=\"a215eba\" data-element_type=\"widget\" data-e-type=\"widget\" data-widget_type=\"divider.default\">\n\t\t\t\t<div class=\"elementor-widget-container\">\n\t\t\t\t\t\t\t<div class=\"elementor-divider\">\n\t\t\t<span class=\"elementor-divider-separator\">\n\t\t\t\t\t\t<\/span>\n\t\t<\/div>\n\t\t\t\t\t\t<\/div>\n\t\t\t\t<\/div>\n\t\t\t\t<div class=\"elementor-element elementor-element-255a736 elementor-widget elementor-widget-text-editor\" data-id=\"255a736\" data-element_type=\"widget\" data-e-type=\"widget\" data-widget_type=\"text-editor.default\">\n\t\t\t\t<div class=\"elementor-widget-container\">\n\t\t\t\t\t\t\t\t\t<h1><span style=\"text-decoration: underline;\"><strong>Chapter 101: Dalmatians<\/strong><\/span><\/h1><p>Date: January 19, 2020<br \/>Arena: Electric Ballroom<br \/>Location: Camden, Greater London, England, UK<\/p><p><span class=\"entrances-word\"><strong>-----[<span style=\"color: #ff0000;\">ENTRANCES<\/span>]-----<\/strong><\/span><\/p><p><strong>A-Kid<\/strong> - \"Lawless\" by Chris Goulstone (from Carlin Production Music)<br \/><strong>Cara Noir<\/strong> - \"Swan Lake, Act II - No. 14 - Scene Finale - Swan Theme (Moderato)\" by Clio Gould, Nicolae Moldoveanu &amp; The Royal Philharmonic Orchestra<br \/><strong>Eddie Dennis<\/strong> - \"Take Flight\" by Hot Tag Media Works<br \/><strong>Do Not Resuscitate (Danny Duggan, Spike Trivet &amp; William Eaver)<\/strong> - \"Slithering Epidemic (Edit #1) [Heartbeats Heart Failure Intro]\" by Phraze &amp; Trevor Lewallen (from Minimal Music)<br \/><strong>Ilja Dragunov<\/strong> - \"Race of Predators (Edit) (Loop)\" by Itay Steinberg, Or Chausa, Roman Weinstein &amp; Udi Harpaz (from CPM)<br \/><strong>Jinny<\/strong> - <span style=\"color: #ff0000;\">\"The Doom [???? Intro]\" by Queens Road &amp; Steven Solveig (from Non-Stop Producer Series)<\/span><br \/><strong>Kyle Fletcher<\/strong> - \"Let's Do This\" by Brady Ellis (from AudioActive)<br \/><strong>L.J. Cleary<\/strong> - \"Tell Me (Edit)\" by Chris Christiano Schwarz &amp; Noor Akmurad (from Elbroar)<br \/><strong>Mark Andrews<\/strong> - \"Take Flight\" by Hot Tag Media Works<br \/><strong>Mercedez Blaze<\/strong> - \"Shut It Down (Edit) (0:18)\" by Michel Joseph Charles Knowles &amp; Norberto Flores Bueno (from Groove Addicts)<br \/><strong>More Than Hype (Darren Kearney &amp; Nathan Martin)<\/strong> - \"Tell Me (Edit)\" by Chris Christiano Schwarz &amp; Noor Akmurad (from Elbroar)<br \/><strong>The N.I.C. (Charlie Carter &amp; Ois\u00edn Delaney)<\/strong> - \"Fly the Flag\" by Hot Tag Media Works<br \/><strong>The OJMO<\/strong> - \"And the Crowd Screams (Edit #2) [And the Crowd Screams (Instrumental) \/ \"Now We Play\" Intro]\" by Christopher Julian Vaugh, Gabriel Candiani, John Dillon Conneally IV &amp; Ricardo Jesus Chambers (from Non-Stop Producer Series)<br \/><strong>Paul Robinson<\/strong> - \"Time Traveler\" by Gabriel Candiani &amp; Hiram Patrick Hernandez II (from Non-Stop Producer Series)<br \/><strong>Pretty Deadly (Lewis Howley &amp; Sam Stoker)<\/strong> - \"Slithering Epidemic (Edit #1) [Heartbeats Heart Failure Intro]\" by Phraze &amp; Trevor Lewallen (from Minimal Music)<br \/><strong>Rudy Ryan<\/strong> - \"Let's Go (The Royal We)\" by Run the Jewels*<br \/><strong>Warren Banks<\/strong> - \"Jungle (Remix)\" by Jamie N Commons &amp; X Ambassadors feat. Jay-Z*<\/p><p>* - The pre-show match <a href=\"https:\/\/www.facebook.com\/ProgressWrestling\/videos\/515711052524650\/515502139077711\" target=\"_blank\" rel=\"noopener\">was shared<\/a> on PROGRESS Wrestling's Facebook page.<\/p>\t\t\t\t\t\t\t\t<\/div>\n\t\t\t\t<\/div>\n\t\t\t\t<div class=\"elementor-element elementor-element-f71c9a4 elementor-widget-divider--view-line elementor-widget elementor-widget-divider\" data-id=\"f71c9a4\" data-element_type=\"widget\" data-e-type=\"widget\" data-widget_type=\"divider.default\">\n\t\t\t\t<div class=\"elementor-widget-container\">\n\t\t\t\t\t\t\t<div class=\"elementor-divider\">\n\t\t\t<span class=\"elementor-divider-separator\">\n\t\t\t\t\t\t<\/span>\n\t\t<\/div>\n\t\t\t\t\t\t<\/div>\n\t\t\t\t<\/div>\n\t\t\t\t<div class=\"elementor-element elementor-element-b9c1322 elementor-widget elementor-widget-text-editor\" data-id=\"b9c1322\" data-element_type=\"widget\" data-e-type=\"widget\" data-widget_type=\"text-editor.default\">\n\t\t\t\t<div class=\"elementor-widget-container\">\n\t\t\t\t\t\t\t\t\t<h1><span style=\"text-decoration: underline;\"><strong>Chapter 102: Bang Tidy<\/strong><\/span><\/h1><p>Date: February 2, 2020<br \/>Arena: Tramshed<br \/>Location: Grangetown, Cardiff, Wales, UK<\/p><p><span class=\"entrances-word\"><strong>-----[<span style=\"color: #ff0000;\">ENTRANCES<\/span>]-----<\/strong><\/span><\/p><p><strong>The Anti-Fun Police (Chief Deputy Dunne &amp; Los Federales Santos Jr.)<\/strong> - \"No Fun\" by Hot Tag Media Works<br \/><strong>Cara Noir<\/strong> - \"Swan Lake, Act II - No. 14 - Scene Finale - Swan Theme (Moderato)\" by Clio Gould, Nicolae Moldoveanu &amp; The Royal Philharmonic Orchestra<br \/><strong>Chris Brookes<\/strong> - \"What's True\" by Andreas Schmidt-Hoensdorf &amp; Stefan Berlak (from Impressive Minds)<br \/><strong>Chris Ridgeway<\/strong> - \"Bloodsport\" by Anthony Dickinson (from Non-Stop Producer Series)<br \/><strong>Dani Luna<\/strong> - \"Calling You Out\" by Alexis Marie Salazar, Gabriel Candiani &amp; Hiram Patrick Hernandez Jr. (from Non-Stop Producer Series)<br \/><strong>Danny Jones<\/strong> - \"The Dragon\" by Hot Tag Media Works<br \/><strong>ELIJAH<\/strong> - <span style=\"color: #ff0000;\">\"????\" by Hot Tag Media Works<\/span><br \/><strong>Gisele Shaw<\/strong> - \"Overboard (Edit) (0:30)\" by Matthew S. Orr (from Non-Stop Producer Series)<br \/><strong>Ilja Dragunov<\/strong> - \"Race of Predators (Edit) (Loop)\" by Itay Steinberg, Or Chausa, Roman Weinstein &amp; Udi Harpaz (from CPM)<br \/><strong>Jinny<\/strong> - \"The Doom\" by Queens Road &amp; Steven Solveig (from Non-Stop Producer Series)<br \/><strong>Jordan Devlin &amp; Scotty Davis<\/strong> - \"The Dragon of Jerusalem\" by Philippe Falcao &amp; Steven Solveig (from Elbroar)<br \/><strong>Josh Holly<\/strong> - \"Duke of Earl\" by Darts*<br \/><strong>Mark Andrews<\/strong> - \"Take Flight\" by Hot Tag Media Works<br \/><strong>Paul Robinson<\/strong> - \"Time Traveler\" by Gabriel Candiani &amp; Hiram Patrick Hernandez II (from Non-Stop Producer Series)<br \/><strong>Thomas Winter<\/strong> - \"The Hunger\" by Of Mice and Men*<\/p><p>* - The pre-show match <a href=\"https:\/\/www.facebook.com\/186294584766618\/videos\/117278813035763\" target=\"_blank\" rel=\"noopener\">was shared<\/a> on PROGRESS Wrestling's Facebook page.<\/p>\t\t\t\t\t\t\t\t<\/div>\n\t\t\t\t<\/div>\n\t\t\t\t<div class=\"elementor-element elementor-element-5b3860a elementor-widget-divider--view-line elementor-widget elementor-widget-divider\" data-id=\"5b3860a\" data-element_type=\"widget\" data-e-type=\"widget\" data-widget_type=\"divider.default\">\n\t\t\t\t<div class=\"elementor-widget-container\">\n\t\t\t\t\t\t\t<div class=\"elementor-divider\">\n\t\t\t<span class=\"elementor-divider-separator\">\n\t\t\t\t\t\t<\/span>\n\t\t<\/div>\n\t\t\t\t\t\t<\/div>\n\t\t\t\t<\/div>\n\t\t\t\t<div class=\"elementor-element elementor-element-97ed92d elementor-widget elementor-widget-text-editor\" data-id=\"97ed92d\" data-element_type=\"widget\" data-e-type=\"widget\" data-widget_type=\"text-editor.default\">\n\t\t\t\t<div class=\"elementor-widget-container\">\n\t\t\t\t\t\t\t\t\t<h1><span style=\"text-decoration: underline;\"><strong>Chapter 103: Beer Snake City<\/strong><\/span><\/h1><p>Date: February 23, 2020<br \/>Arena: Electric Ballroom<br \/>Location: Camden, Greater London, England, UK<\/p><p><span class=\"entrances-word\"><strong>-----[<span style=\"color: #ff0000;\">ENTRANCES<\/span>]-----<\/strong><\/span><\/p><p><strong>The Anti-Fun Police (Chief Deputy Dunne &amp; Los Federales Santos Jr.)<\/strong> - \"No Fun\" by Hot Tag Media Works<br \/><strong>Cara Noir<\/strong> - \"Swan Lake, Act II - No. 14 - Scene Finale - Swan Theme (Moderato)\" by Clio Gould, Nicolae Moldoveanu &amp; The Royal Philharmonic Orchestra<br \/><strong>Chakara<\/strong> - \"Goddess\" by Hot Tag Media Works<br \/><strong>Eddie Kingston<\/strong> - \"Can't Hold Me Down\" by Chris B. Harris &amp; William Arnett (from Ignite)<br \/><strong>Gisele Shaw<\/strong> - \"Overboard (Edit) (0:30)\" by Matthew S. Orr (from Non-Stop Producer Series)<br \/><strong>Ilja Dragunov<\/strong> - \"Race of Predators (Edit) (Loop)\" by Itay Steinberg, Or Chausa, Roman Weinstein &amp; Udi Harpaz (from CPM)<br \/><strong>Jinny<\/strong> - \"The Doom (Edit) (0:24)\" by Queens Road &amp; Steven Solveig (from Non-Stop Producer Series)<br \/><strong>Josef Kafka<\/strong> - \"Wuthering Heights (Edit) (0:08)\" by Kate Bush*<br \/><strong>Kyle Fletcher<\/strong> - \"Let's Do This\" by Brady Ellis (from AudioActive)<br \/><strong>Malik<\/strong> - \"Unforgettable\" by Jonathan Newell &amp; Ronald H. Robinson (from 615 Platinum Series)<br \/><strong>Mark Andrews<\/strong> - \"Take Flight\" by Hot Tag Media Works<br \/><strong>Millie McKenzie<\/strong> - \"Shattered Skulls\" by Anthony Dickinson (from Non-Stop Producer Series)<br \/><strong>More Than Hype (Darren Kearney, L.J. Cleary &amp; Nathan Martin)<\/strong> - \"Tell Me (Edit)\" by Chris Christiano Schwarz &amp; Noor Akmurad (from Elbroar)<br \/><strong>Paul Robinson<\/strong> - \"Time Traveler\" by Gabriel Candiani &amp; Hiram Patrick Hernandez II (from Non-Stop Producer Series)<br \/><strong>Rocky Mac<\/strong> - \"Crean's March\" by Choon Sweet*<br \/><strong>Scotty Davis<\/strong> - \"Lightningbolt\" by Scott Fritz (from Non-Stop Producer Series)<br \/><strong>Toni Storm<\/strong> - \"Take Cover\" by CFO$<br \/><strong>WALTER<\/strong> - \"New World Symphony 4th Movement\" by Anton\u00edn Leopold Dvo\u0159\u00e1k &amp; Edwinn Merrill Hinckley (from EDH Classical Music Library)<br \/><strong>The WorkHorsemen (Anthony Henry &amp; J.D. Drake)<\/strong> -<span style=\"color: #ff0000;\"> \"????\" by ????<\/span><\/p><p>* - The pre-show match <a href=\"https:\/\/www.facebook.com\/186294584766618\/videos\/2564115763856553\" target=\"_blank\" rel=\"noopener\">was shared<\/a> on PROGRESS Wrestling's Facebook page.<\/p>\t\t\t\t\t\t\t\t<\/div>\n\t\t\t\t<\/div>\n\t\t\t\t\t<\/div>\n\t\t<\/div>\n\t\t\t\t\t<\/div>\n\t\t<\/section>\n\t\t\t\t<\/div>\n\t\t","protected":false},"excerpt":{"rendered":"<p>Chapter 101: Dalmatians Date: January 19, 2020Arena: Electric BallroomLocation: Camden, Greater London, England, UK -----[ENTRANCES]----- A-Kid - \"Lawless\" by Chris Goulstone (from Carlin Production Music)Cara Noir - \"Swan Lake, Act II - No. 14 - Scene Finale - Swan Theme (Moderato)\" by Clio Gould, Nicolae Moldoveanu &amp; The Royal Philharmonic OrchestraEddie Dennis - \"Take Flight\"...<\/p>\n","protected":false},"author":4,"featured_media":0,"parent":657,"menu_order":0,"comment_status":"closed","ping_status":"closed","template":"","meta":{"_kad_post_transparent":"","_kad_post_title":"","_kad_post_layout":"","_kad_post_sidebar_id":"","_kad_post_content_style":"","_kad_post_vertical_padding":"","_kad_post_feature":"","_kad_post_feature_position":"","_kad_post_header":false,"_kad_post_footer":false,"_kad_post_classname":"","footnotes":""},"class_list":["post-49360","page","type-page","status-publish","hentry"],"_links":{"self":[{"href":"http:\/\/www.antdogs.com\/thewemdb\/wp-json\/wp\/v2\/pages\/49360","targetHints":{"allow":["GET"]}}],"collection":[{"href":"http:\/\/www.antdogs.com\/thewemdb\/wp-json\/wp\/v2\/pages"}],"about":[{"href":"http:\/\/www.antdogs.com\/thewemdb\/wp-json\/wp\/v2\/types\/page"}],"author":[{"embeddable":true,"href":"http:\/\/www.antdogs.com\/thewemdb\/wp-json\/wp\/v2\/users\/4"}],"replies":[{"embeddable":true,"href":"http:\/\/www.antdogs.com\/thewemdb\/wp-json\/wp\/v2\/comments?post=49360"}],"version-history":[{"count":16,"href":"http:\/\/www.antdogs.com\/thewemdb\/wp-json\/wp\/v2\/pages\/49360\/revisions"}],"predecessor-version":[{"id":93168,"href":"http:\/\/www.antdogs.com\/thewemdb\/wp-json\/wp\/v2\/pages\/49360\/revisions\/93168"}],"up":[{"embeddable":true,"href":"http:\/\/www.antdogs.com\/thewemdb\/wp-json\/wp\/v2\/pages\/657"}],"wp:attachment":[{"href":"http:\/\/www.antdogs.com\/thewemdb\/wp-json\/wp\/v2\/media?parent=49360"}],"curies":[{"name":"wp","href":"https:\/\/api.w.org\/{rel}","templated":true}]}}