{"id":46606,"date":"2024-04-30T00:53:11","date_gmt":"2024-04-30T03:53:11","guid":{"rendered":"http:\/\/www.antdogs.com\/thewemdb\/?page_id=46606"},"modified":"2026-04-05T19:24:35","modified_gmt":"2026-04-05T22:24:35","slug":"2023-2","status":"publish","type":"page","link":"http:\/\/www.antdogs.com\/thewemdb\/promotions\/eu\/ptwrestlefest\/events\/2023\/","title":{"rendered":"2023"},"content":{"rendered":"\t\t<div data-elementor-type=\"wp-page\" data-elementor-id=\"46606\" class=\"elementor elementor-46606\">\n\t\t\t\t\t\t<section class=\"elementor-section elementor-top-section elementor-element elementor-element-6b8ab95 elementor-section-boxed elementor-section-height-default elementor-section-height-default\" data-id=\"6b8ab95\" data-element_type=\"section\" data-e-type=\"section\">\n\t\t\t\t\t\t<div class=\"elementor-container elementor-column-gap-default\">\n\t\t\t\t\t<div class=\"elementor-column elementor-col-100 elementor-top-column elementor-element elementor-element-2c0ba54\" data-id=\"2c0ba54\" data-element_type=\"column\" data-e-type=\"column\">\n\t\t\t<div class=\"elementor-widget-wrap elementor-element-populated\">\n\t\t\t\t\t\t<div class=\"elementor-element elementor-element-28849c5 elementor-widget elementor-widget-text-editor\" data-id=\"28849c5\" data-element_type=\"widget\" data-e-type=\"widget\" data-widget_type=\"text-editor.default\">\n\t\t\t\t<div class=\"elementor-widget-container\">\n\t\t\t\t\t\t\t\t\t<div id=\"ez-toc-container\" class=\"ez-toc-v2_0_82_2 counter-hierarchy ez-toc-counter ez-toc-custom ez-toc-container-direction\">\n<label for=\"ez-toc-cssicon-toggle-item-69fd1c9f6f38e\" class=\"ez-toc-cssicon-toggle-label\"><div class=\"ez-toc-title\" style=\"cursor:inherit\">2023 in Almada Wrestlefest \/ Portugal Wrestlefest<\/div>\n<span class=\"ez-toc-cssicon\"><span class=\"eztoc-hide\" style=\"display:none;\">Toggle<\/span><span class=\"ez-toc-icon-toggle-span\"><svg style=\"fill: #0a0a0a;color:#0a0a0a\" xmlns=\"http:\/\/www.w3.org\/2000\/svg\" class=\"list-377408\" width=\"20px\" height=\"20px\" viewBox=\"0 0 24 24\" fill=\"none\"><path d=\"M6 6H4v2h2V6zm14 0H8v2h12V6zM4 11h2v2H4v-2zm16 0H8v2h12v-2zM4 16h2v2H4v-2zm16 0H8v2h12v-2z\" fill=\"currentColor\"><\/path><\/svg><svg style=\"fill: #0a0a0a;color:#0a0a0a\" class=\"arrow-unsorted-368013\" xmlns=\"http:\/\/www.w3.org\/2000\/svg\" width=\"10px\" height=\"10px\" viewBox=\"0 0 24 24\" version=\"1.2\" baseProfile=\"tiny\"><path d=\"M18.2 9.3l-6.2-6.3-6.2 6.3c-.2.2-.3.4-.3.7s.1.5.3.7c.2.2.4.3.7.3h11c.3 0 .5-.1.7-.3.2-.2.3-.5.3-.7s-.1-.5-.3-.7zM5.8 14.7l6.2 6.3 6.2-6.3c.2-.2.3-.5.3-.7s-.1-.5-.3-.7c-.2-.2-.4-.3-.7-.3h-11c-.3 0-.5.1-.7.3-.2.2-.3.5-.3.7s.1.5.3.7z\"\/><\/svg><\/span><\/span><\/label><input type=\"checkbox\"  id=\"ez-toc-cssicon-toggle-item-69fd1c9f6f38e\"  \/><nav><ul class='ez-toc-list ez-toc-list-level-1 ' ><li class='ez-toc-page-1 ez-toc-heading-level-1'><a class=\"ez-toc-link ez-toc-heading-1\" href=\"http:\/\/www.antdogs.com\/thewemdb\/promotions\/eu\/ptwrestlefest\/events\/2023\/#Almada_Wrestlefest\" >Almada Wrestlefest<\/a><\/li><li class='ez-toc-page-1 ez-toc-heading-level-1'><a class=\"ez-toc-link ez-toc-heading-2\" href=\"http:\/\/www.antdogs.com\/thewemdb\/promotions\/eu\/ptwrestlefest\/events\/2023\/#Lisboa_Wrestlefest\" >Lisboa Wrestlefest<\/a><\/li><li class='ez-toc-page-1 ez-toc-heading-level-1'><a class=\"ez-toc-link ez-toc-heading-3\" href=\"http:\/\/www.antdogs.com\/thewemdb\/promotions\/eu\/ptwrestlefest\/events\/2023\/#Straight_Outta_Almada_Inc\" >Straight Outta Almada (Inc.)<\/a><\/li><\/ul><\/nav><\/div>\n\t\t\t\t\t\t\t\t<\/div>\n\t\t\t\t<\/div>\n\t\t\t\t<div class=\"elementor-element elementor-element-bb2d127 elementor-widget-divider--view-line_text elementor-widget-divider--element-align-center elementor-widget elementor-widget-divider\" data-id=\"bb2d127\" data-element_type=\"widget\" data-e-type=\"widget\" data-widget_type=\"divider.default\">\n\t\t\t\t<div class=\"elementor-widget-container\">\n\t\t\t\t\t\t\t<div class=\"elementor-divider\">\n\t\t\t<span class=\"elementor-divider-separator\">\n\t\t\t\t\t\t\t<span class=\"elementor-divider__text elementor-divider__element\">\n\t\t\t\tPromotion starts operations as \"Almada Wrestlefest\"\t\t\t\t<\/span>\n\t\t\t\t\t\t<\/span>\n\t\t<\/div>\n\t\t\t\t\t\t<\/div>\n\t\t\t\t<\/div>\n\t\t\t\t<div class=\"elementor-element elementor-element-34c0540 elementor-widget elementor-widget-text-editor\" data-id=\"34c0540\" data-element_type=\"widget\" data-e-type=\"widget\" data-widget_type=\"text-editor.default\">\n\t\t\t\t<div class=\"elementor-widget-container\">\n\t\t\t\t\t\t\t\t\t<h1><span style=\"text-decoration: underline;\"><strong>Almada Wrestlefest<\/strong><\/span><\/h1><p>Date: March 18, 2023<br \/>Arena: Casa Amarela<br \/>Location: Almada, Set\u00fabal District, Portugal<\/p><p><span class=\"entrances-word\"><strong>-----[<span style=\"color: #ff0000;\">ENTRANCES<\/span>]-----<\/strong><\/span><\/p><p><strong>Amira Blair<\/strong> - \"Locked In\" by Kayfabe Music UK feat. Deli Rowe<br \/><strong>Baltazar<\/strong> - \"Em Nome do Medo (Edit) [Em Nome do Medo (From \"1775\") (Long) Intro]\" by Moonspell<br \/><strong>Cl\u00e1udia Bradstone<\/strong> - \"Hardcore Metal Instrumental\" by driftaway<br \/><strong>Dami\u00e3o<\/strong> - \"Snifa Cada Linha (Edit) (0:14)\" by For\u00e7a Suprema<br \/><strong>Goldenboy Santos<\/strong> - \"Verdes Anos (Remix, Pt. 1 e 2) (Edit) [Can\u00e7\u00e3o Verdes Anos Intro]\" by Stereossauro feat. Dj Ride<br \/><strong>Jo\u00e3o Mil\u00e3o<\/strong> - \"DANGANRONPA SUPER MIX (Edit) (0:17)\" by Masafumi Takada &amp; Satoshi Iwase<br \/><strong>Leo Rossi<\/strong> - \"Take You Down (Voodoo Child \/ Leo Rossi Quote Mix) (Edit #1)\" by Andrew Skeet &amp; The Chamber Orchestra of London and Daniel Pemberton<br \/><strong>Lobo Ib\u00e9rico<\/strong> - \"Jiren's Theme (Wolf Howl SFX Mix) (Edit)\" by Friedrich Habetler<br \/><strong>Lu\u00eds Mestre &amp; Lu\u00eds Mira<\/strong> - \"Welcome to Mayhem VIP\" by PhaseOne feat. In Hearts Wake<br \/><strong>Nelson Pereira<\/strong> - \"Air Timpani (Nelson Pereira Quote Mix) (Edit)\" by Wax &amp; EOM feat. D-Pryde<br \/><strong>Paulo Cruz<\/strong> - \"Knock Out\" by Malab\u00e1 &amp; Ninja Kore<br \/><strong>Rafael Pedras<\/strong> - \"Bro Hymn (Karaoke) (Edit)\" by Deep Bench Karaoke<\/p>\t\t\t\t\t\t\t\t<\/div>\n\t\t\t\t<\/div>\n\t\t\t\t<div class=\"elementor-element elementor-element-ba03978 elementor-widget-divider--view-line_text elementor-widget-divider--element-align-center elementor-widget elementor-widget-divider\" data-id=\"ba03978\" data-element_type=\"widget\" data-e-type=\"widget\" data-widget_type=\"divider.default\">\n\t\t\t\t<div class=\"elementor-widget-container\">\n\t\t\t\t\t\t\t<div class=\"elementor-divider\">\n\t\t\t<span class=\"elementor-divider-separator\">\n\t\t\t\t\t\t\t<span class=\"elementor-divider__text elementor-divider__element\">\n\t\t\t\tPromotion changes name to \"Portugal Wrestlefest\"\t\t\t\t<\/span>\n\t\t\t\t\t\t<\/span>\n\t\t<\/div>\n\t\t\t\t\t\t<\/div>\n\t\t\t\t<\/div>\n\t\t\t\t<div class=\"elementor-element elementor-element-45a49aa elementor-widget elementor-widget-text-editor\" data-id=\"45a49aa\" data-element_type=\"widget\" data-e-type=\"widget\" data-widget_type=\"text-editor.default\">\n\t\t\t\t<div class=\"elementor-widget-container\">\n\t\t\t\t\t\t\t\t\t<h1><span style=\"text-decoration: underline;\"><strong>Lisboa Wrestlefest<\/strong><\/span><\/h1><p>Date: July 8, 2023<br \/>Arena: Parque Mayer<br \/>Location: Lisbon, Lisbon District, Portugal<\/p><p><span class=\"entrances-word\"><strong>-----[<span style=\"color: #ff0000;\">ENTRANCES<\/span>]-----<\/strong><\/span><\/p><p><strong>Cl\u00e1udia Bradstone &amp; Jo\u00e3o Mil\u00e3o<\/strong> - \"All the Things She Said\" by Tru\u0107a \u017divkovi\u0107<br \/><strong>Dami\u00e3o<\/strong> - \"Forever (Clean)\" by Drake, Eminem, Kanye West &amp; Lil Wayne<br \/><strong>Goldenboy Santos<\/strong> - \"Verdes Anos (Remix, Pt. 1 e 2) (Edit) [Can\u00e7\u00e3o Verdes Anos Intro]\" by Stereossauro feat. Dj Ride<br \/><strong>HNDRXXX<\/strong> - \"They Say I'm Different\" by Betty Davis<br \/><strong>Jo\u00e3o Sena<\/strong> - \"Princes of the Universe\" by Queen<br \/><strong>Leo Rossi<\/strong> - \"Take You Down (Voodoo Child \/ Leo Rossi Quote Mix) (Edit #1)\" by Andrew Skeet &amp; The Chamber Orchestra of London and Daniel Pemberton<br \/><strong>Lobo Ib\u00e9rico<\/strong> - \"Wolves of Odin (Wolf Howl SFX Mix)\" by Alexandre Guiraud (from Colossal Trailer Music)<br \/><strong>MayheM (Lu\u00eds Mestre &amp; Lu\u00eds Mira)<\/strong> - \"Welcome to Mayhem VIP\" by PhaseOne feat. In Hearts Wake<br \/><strong>Michael Stu<\/strong> - \"Ballin'\" by Logic feat. Castro<br \/><strong>Nelson Pereira<\/strong> - \"Mask Off Oldschool (Remix) [\"Kid No More\" Intro]\" by Hunes Beats<br \/><strong>Paulo Cruz<\/strong> - \"Knock Out\" by Malab\u00e1 &amp; Ninja Kore<br \/><strong>Rafael Pedras<\/strong> - \"Bro Hymn (Karaoke) (Edit)\" by Deep Bench Karaoke<br \/><strong>Ricky Boy<\/strong> - \"T\u00e1s na Boa\" by Da Weasel<\/p>\t\t\t\t\t\t\t\t<\/div>\n\t\t\t\t<\/div>\n\t\t\t\t<div class=\"elementor-element elementor-element-da39f99 elementor-widget-divider--view-line elementor-widget elementor-widget-divider\" data-id=\"da39f99\" data-element_type=\"widget\" data-e-type=\"widget\" data-widget_type=\"divider.default\">\n\t\t\t\t<div class=\"elementor-widget-container\">\n\t\t\t\t\t\t\t<div class=\"elementor-divider\">\n\t\t\t<span class=\"elementor-divider-separator\">\n\t\t\t\t\t\t<\/span>\n\t\t<\/div>\n\t\t\t\t\t\t<\/div>\n\t\t\t\t<\/div>\n\t\t\t\t<div class=\"elementor-element elementor-element-bd4a7ff elementor-widget elementor-widget-text-editor\" data-id=\"bd4a7ff\" data-element_type=\"widget\" data-e-type=\"widget\" data-widget_type=\"text-editor.default\">\n\t\t\t\t<div class=\"elementor-widget-container\">\n\t\t\t\t\t\t\t\t\t<h1><span style=\"text-decoration: underline;\"><strong>Straight Outta Almada<\/strong><\/span> <span class=\"incomplete\">(Inc.)<\/span><\/h1><p>Date: November 11, 2023<br \/>Arena: Casa Amarela<br \/>Location: Almada, Set\u00fabal District, Portugal<\/p><p><span class=\"entrances-word\"><strong>-----[<span style=\"color: #ff0000;\">ENTRANCES<\/span>]-----<\/strong><\/span><\/p><p><strong>Cl\u00e1udia Bradstone<\/strong> - \"Hardcore Metal Instrumental\" by driftaway<br \/><strong>Dami\u00e3o<\/strong> - \"N.Y. State of Mind\" by Nas<br \/><strong>Jo\u00e3o Mil\u00e3o<\/strong> - \"DANGANRONPA SUPER MIX (Edit) (0:17)\" by Masafumi Takada &amp; Satoshi Iwase<br \/><strong>HNDRXXX<\/strong> - \"Dreamer\" by Prince<br \/><strong>Leo Rossi<\/strong> - \"Take You Down (Voodoo Child \/ Leo Rossi Quote Mix) (Edit #1)\" by Andrew Skeet &amp; The Chamber Orchestra of London and Daniel Pemberton<br \/><strong>Michael Stu<\/strong> - \"Flawl\u00ebss\" by Yeat feat. Lil Uzi Vert<br \/><strong>Paulo Cruz<\/strong> - \"Knock Out\" by Malab\u00e1 &amp; Ninja Kore<\/p>\t\t\t\t\t\t\t\t<\/div>\n\t\t\t\t<\/div>\n\t\t\t\t\t<\/div>\n\t\t<\/div>\n\t\t\t\t\t<\/div>\n\t\t<\/section>\n\t\t\t\t<\/div>\n\t\t","protected":false},"excerpt":{"rendered":"<p>Promotion starts operations as \"Almada Wrestlefest\" Almada Wrestlefest Date: March 18, 2023Arena: Casa AmarelaLocation: Almada, Set\u00fabal District, Portugal -----[ENTRANCES]----- Amira Blair - \"Locked In\" by Kayfabe Music UK feat. Deli RoweBaltazar - \"Em Nome do Medo (Edit) [Em Nome do Medo (From \"1775\") (Long) Intro]\" by MoonspellCl\u00e1udia Bradstone - \"Hardcore Metal Instrumental\" by driftawayDami\u00e3o -...<\/p>\n","protected":false},"author":4,"featured_media":0,"parent":46601,"menu_order":0,"comment_status":"closed","ping_status":"closed","template":"","meta":{"_kad_post_transparent":"","_kad_post_title":"","_kad_post_layout":"","_kad_post_sidebar_id":"","_kad_post_content_style":"","_kad_post_vertical_padding":"","_kad_post_feature":"","_kad_post_feature_position":"","_kad_post_header":false,"_kad_post_footer":false,"_kad_post_classname":"","footnotes":""},"class_list":["post-46606","page","type-page","status-publish","hentry"],"_links":{"self":[{"href":"http:\/\/www.antdogs.com\/thewemdb\/wp-json\/wp\/v2\/pages\/46606","targetHints":{"allow":["GET"]}}],"collection":[{"href":"http:\/\/www.antdogs.com\/thewemdb\/wp-json\/wp\/v2\/pages"}],"about":[{"href":"http:\/\/www.antdogs.com\/thewemdb\/wp-json\/wp\/v2\/types\/page"}],"author":[{"embeddable":true,"href":"http:\/\/www.antdogs.com\/thewemdb\/wp-json\/wp\/v2\/users\/4"}],"replies":[{"embeddable":true,"href":"http:\/\/www.antdogs.com\/thewemdb\/wp-json\/wp\/v2\/comments?post=46606"}],"version-history":[{"count":43,"href":"http:\/\/www.antdogs.com\/thewemdb\/wp-json\/wp\/v2\/pages\/46606\/revisions"}],"predecessor-version":[{"id":96229,"href":"http:\/\/www.antdogs.com\/thewemdb\/wp-json\/wp\/v2\/pages\/46606\/revisions\/96229"}],"up":[{"embeddable":true,"href":"http:\/\/www.antdogs.com\/thewemdb\/wp-json\/wp\/v2\/pages\/46601"}],"wp:attachment":[{"href":"http:\/\/www.antdogs.com\/thewemdb\/wp-json\/wp\/v2\/media?parent=46606"}],"curies":[{"name":"wp","href":"https:\/\/api.w.org\/{rel}","templated":true}]}}