{"id":40293,"date":"2023-12-27T13:07:16","date_gmt":"2023-12-27T16:07:16","guid":{"rendered":"http:\/\/www.antdogs.com\/thewemdb\/?page_id=40293"},"modified":"2026-03-03T18:00:18","modified_gmt":"2026-03-03T21:00:18","slug":"2023-2","status":"publish","type":"page","link":"http:\/\/www.antdogs.com\/thewemdb\/promotions\/sa\/legionargentina\/events\/2023\/","title":{"rendered":"2023"},"content":{"rendered":"\t\t<div data-elementor-type=\"wp-page\" data-elementor-id=\"40293\" class=\"elementor elementor-40293\">\n\t\t\t\t\t\t<section class=\"elementor-section elementor-top-section elementor-element elementor-element-44844dd elementor-section-boxed elementor-section-height-default elementor-section-height-default\" data-id=\"44844dd\" data-element_type=\"section\" data-e-type=\"section\">\n\t\t\t\t\t\t<div class=\"elementor-container elementor-column-gap-default\">\n\t\t\t\t\t<div class=\"elementor-column elementor-col-100 elementor-top-column elementor-element elementor-element-8711c9e\" data-id=\"8711c9e\" data-element_type=\"column\" data-e-type=\"column\">\n\t\t\t<div class=\"elementor-widget-wrap elementor-element-populated\">\n\t\t\t\t\t\t<div class=\"elementor-element elementor-element-5115a60 elementor-widget elementor-widget-text-editor\" data-id=\"5115a60\" data-element_type=\"widget\" data-e-type=\"widget\" data-widget_type=\"text-editor.default\">\n\t\t\t\t<div class=\"elementor-widget-container\">\n\t\t\t\t\t\t\t\t\t<div id=\"ez-toc-container\" class=\"ez-toc-v2_0_82_2 counter-hierarchy ez-toc-counter ez-toc-custom ez-toc-container-direction\">\n<label for=\"ez-toc-cssicon-toggle-item-69fd45c13dc4c\" class=\"ez-toc-cssicon-toggle-label\"><div class=\"ez-toc-title\" style=\"cursor:inherit\">2023 in Legi\u00f3n Nueva Era Argentina<\/div>\n<span class=\"ez-toc-cssicon\"><span class=\"eztoc-hide\" style=\"display:none;\">Toggle<\/span><span class=\"ez-toc-icon-toggle-span\"><svg style=\"fill: #0a0a0a;color:#0a0a0a\" xmlns=\"http:\/\/www.w3.org\/2000\/svg\" class=\"list-377408\" width=\"20px\" height=\"20px\" viewBox=\"0 0 24 24\" fill=\"none\"><path d=\"M6 6H4v2h2V6zm14 0H8v2h12V6zM4 11h2v2H4v-2zm16 0H8v2h12v-2zM4 16h2v2H4v-2zm16 0H8v2h12v-2z\" fill=\"currentColor\"><\/path><\/svg><svg style=\"fill: #0a0a0a;color:#0a0a0a\" class=\"arrow-unsorted-368013\" xmlns=\"http:\/\/www.w3.org\/2000\/svg\" width=\"10px\" height=\"10px\" viewBox=\"0 0 24 24\" version=\"1.2\" baseProfile=\"tiny\"><path d=\"M18.2 9.3l-6.2-6.3-6.2 6.3c-.2.2-.3.4-.3.7s.1.5.3.7c.2.2.4.3.7.3h11c.3 0 .5-.1.7-.3.2-.2.3-.5.3-.7s-.1-.5-.3-.7zM5.8 14.7l6.2 6.3 6.2-6.3c.2-.2.3-.5.3-.7s-.1-.5-.3-.7c-.2-.2-.4-.3-.7-.3h-11c-.3 0-.5.1-.7.3-.2.2-.3.5-.3.7s.1.5.3.7z\"\/><\/svg><\/span><\/span><\/label><input type=\"checkbox\"  id=\"ez-toc-cssicon-toggle-item-69fd45c13dc4c\"  \/><nav><ul class='ez-toc-list ez-toc-list-level-1 ' ><li class='ez-toc-page-1 ez-toc-heading-level-1'><a class=\"ez-toc-link ez-toc-heading-1\" href=\"http:\/\/www.antdogs.com\/thewemdb\/promotions\/sa\/legionargentina\/events\/2023\/#Campeones_del_Mundo\" >Campeones del Mundo<\/a><\/li><li class='ez-toc-page-1 ez-toc-heading-level-1'><a class=\"ez-toc-link ez-toc-heading-2\" href=\"http:\/\/www.antdogs.com\/thewemdb\/promotions\/sa\/legionargentina\/events\/2023\/#LE-GION_and_the_Masters_of_Lucha_Libre\" >LE-GI\u00d3N and the Masters of Lucha Libre<\/a><\/li><li class='ez-toc-page-1 ez-toc-heading-level-1'><a class=\"ez-toc-link ez-toc-heading-3\" href=\"http:\/\/www.antdogs.com\/thewemdb\/promotions\/sa\/legionargentina\/events\/2023\/#The_DOJO_Squad\" >The DOJO Squad<\/a><\/li><li class='ez-toc-page-1 ez-toc-heading-level-1'><a class=\"ez-toc-link ez-toc-heading-4\" href=\"http:\/\/www.antdogs.com\/thewemdb\/promotions\/sa\/legionargentina\/events\/2023\/#Legion_vs_el_Mundo\" >Legi\u00f3n vs. el Mundo<\/a><\/li><li class='ez-toc-page-1 ez-toc-heading-level-1'><a class=\"ez-toc-link ez-toc-heading-5\" href=\"http:\/\/www.antdogs.com\/thewemdb\/promotions\/sa\/legionargentina\/events\/2023\/#DOJO_80s\" >DOJO 80s<\/a><\/li><li class='ez-toc-page-1 ez-toc-heading-level-1'><a class=\"ez-toc-link ez-toc-heading-6\" href=\"http:\/\/www.antdogs.com\/thewemdb\/promotions\/sa\/legionargentina\/events\/2023\/#Halloween-doo\" >Halloween-doo<\/a><\/li><li class='ez-toc-page-1 ez-toc-heading-level-1'><a class=\"ez-toc-link ez-toc-heading-7\" href=\"http:\/\/www.antdogs.com\/thewemdb\/promotions\/sa\/legionargentina\/events\/2023\/#Operacion_Pedrito\" >Operaci\u00f3n: Pedrito<\/a><\/li><li class='ez-toc-page-1 ez-toc-heading-level-1'><a class=\"ez-toc-link ez-toc-heading-8\" href=\"http:\/\/www.antdogs.com\/thewemdb\/promotions\/sa\/legionargentina\/events\/2023\/#%C2%BFNos_Vemos_el_Ano_Que_Viene\" >\u00bfNos Vemos el A\u00f1o Que Viene?<\/a><\/li><\/ul><\/nav><\/div>\n\t\t\t\t\t\t\t\t<\/div>\n\t\t\t\t<\/div>\n\t\t\t\t<div class=\"elementor-element elementor-element-8941d46 elementor-widget-divider--view-line elementor-widget elementor-widget-divider\" data-id=\"8941d46\" data-element_type=\"widget\" data-e-type=\"widget\" data-widget_type=\"divider.default\">\n\t\t\t\t<div class=\"elementor-widget-container\">\n\t\t\t\t\t\t\t<div class=\"elementor-divider\">\n\t\t\t<span class=\"elementor-divider-separator\">\n\t\t\t\t\t\t<\/span>\n\t\t<\/div>\n\t\t\t\t\t\t<\/div>\n\t\t\t\t<\/div>\n\t\t\t\t<div class=\"elementor-element elementor-element-510f32b elementor-widget elementor-widget-text-editor\" data-id=\"510f32b\" data-element_type=\"widget\" data-e-type=\"widget\" data-widget_type=\"text-editor.default\">\n\t\t\t\t<div class=\"elementor-widget-container\">\n\t\t\t\t\t\t\t\t\t<h1><span style=\"text-decoration: underline;\"><strong>Campeones del Mundo<\/strong><\/span><\/h1><p>Date: February 12, 2023<br \/>Arena: Teatro Mandril<br \/>Location: San Crist\u00f3bal, Buenos Aires Province, Argentina<\/p><p><span class=\"entrances-word\"><strong>-----[<span style=\"color: #ff0000;\">ENTRANCES<\/span>]-----<\/strong><\/span><\/p><p><strong>Bobby Cruz<\/strong> - <span style=\"color: #ff0000;\">\"????\" by ????<\/span><br \/><strong>\u00c9rick Fierro, Francisco Rol\u00f3n Juanma La Volpe &amp; Siniestro<\/strong><span class=\"notincluding\">\u00a0- \"Llego Pap\u00e1\" by El Cuarteto de Nos<\/span>*<br \/><strong>Los Brodys Lovis (Platino &amp; Siniestro)<\/strong> - \"Muchachos, Ahora Nos Volvimos a Ilusionar\" by La Mosca Ts\u00e9-Ts\u00e9<br \/><strong>CJC &amp; Hood Hart<\/strong> - \"Fight Back\" by NEFFEX<br \/><strong>Francisco Rol\u00f3n (1st)<\/strong> - \"Non, Je Ne Regrette Rien\" by \u00c9dith Piaf<br \/><strong>Francisco Rol\u00f3n (2nd)<\/strong> - <span style=\"color: #ff0000;\">\"????\" by ????<\/span><br \/><strong>Frankie Legrand<\/strong> - <span style=\"color: #ff0000;\">\"???? [Death March Intro]\" by ????<\/span>*<br \/><strong>Lucio<\/strong> - <span style=\"color: #ff0000;\">\"????\" by ????<\/span><br \/><strong>Teo Griffin (Exit)<\/strong> - \"Kyoto (Edit) (0:44)\" by Skrillex feat. Sirah<\/p><p>* - * - Originally, Cassidy &amp; Teo Griffin managed Legrand for his scheduled match against the Campe\u00f3n M\u00e1ximo de LEGI\u00d3N Argentina <strong>Ricky Rocca<\/strong> for the title. However, the quartet of Fierro, Rol\u00f3n, La Volpe and Siniestro came out while Rocca's music played. Fierro mentioned that Rocca could not make it to the show while also making him an official member of their crew. La Volpe turned things around as he announced that Legrand's title opportunity would be on the line against Griffin but threatened if the match did not take place, the three members of Conurbardo would be fired from LEGI\u00d3N Argentina. Obviously, Legrand and Griffin had to agree to that decision.<br \/>NOTE: With exception of Fierro, Rol\u00f3n (both entrances), La Volpe &amp; Siniestro; Los Brodis Lovis; Rol\u00f3n and Legrand, all of the matches had the entrances removed. However, the winner's entrance music played after the match.<\/p>\t\t\t\t\t\t\t\t<\/div>\n\t\t\t\t<\/div>\n\t\t\t\t<div class=\"elementor-element elementor-element-d1ce6e7 elementor-widget-divider--view-line elementor-widget elementor-widget-divider\" data-id=\"d1ce6e7\" data-element_type=\"widget\" data-e-type=\"widget\" data-widget_type=\"divider.default\">\n\t\t\t\t<div class=\"elementor-widget-container\">\n\t\t\t\t\t\t\t<div class=\"elementor-divider\">\n\t\t\t<span class=\"elementor-divider-separator\">\n\t\t\t\t\t\t<\/span>\n\t\t<\/div>\n\t\t\t\t\t\t<\/div>\n\t\t\t\t<\/div>\n\t\t\t\t<div class=\"elementor-element elementor-element-0471153 elementor-widget elementor-widget-text-editor\" data-id=\"0471153\" data-element_type=\"widget\" data-e-type=\"widget\" data-widget_type=\"text-editor.default\">\n\t\t\t\t<div class=\"elementor-widget-container\">\n\t\t\t\t\t\t\t\t\t<h1><span style=\"text-decoration: underline;\"><strong>LE-GI\u00d3N and the Masters of Lucha Libre<\/strong><\/span><\/h1><p>Date: April 9, 2023<br \/>Arena: Teatro Mandril<br \/>Location: San Crist\u00f3bal, Buenos Aires Province, Argentina<\/p><p><span class=\"entrances-word\"><strong>-----[<span style=\"color: #ff0000;\">ENTRANCES<\/span>]-----<\/strong><\/span><\/p><p><strong>Francisco Rol\u00f3n &amp; Siniestro<\/strong> - NO THEME<br \/><strong>Gint Giovanna<\/strong> - \"Rainbow in the Dark\" by Dio<br \/><strong>Johnny Fox<\/strong> -<span style=\"color: #ff0000;\"> \"????\" by ????<\/span><br \/><strong>M\u00e1ikol<\/strong> - NO THEME<br \/><strong>M.C. Killer<\/strong> - NO THEME<br \/><strong>Teo Griffin<\/strong> - \"Lose Yourself (Edit)\" by Eminem<\/p><p>NOTE: With exception of M\u00e1ikol, all of the matches had the entrances removed. However, the winner's music played after the match.<\/p>\t\t\t\t\t\t\t\t<\/div>\n\t\t\t\t<\/div>\n\t\t\t\t<div class=\"elementor-element elementor-element-5b96522 elementor-widget-divider--view-line elementor-widget elementor-widget-divider\" data-id=\"5b96522\" data-element_type=\"widget\" data-e-type=\"widget\" data-widget_type=\"divider.default\">\n\t\t\t\t<div class=\"elementor-widget-container\">\n\t\t\t\t\t\t\t<div class=\"elementor-divider\">\n\t\t\t<span class=\"elementor-divider-separator\">\n\t\t\t\t\t\t<\/span>\n\t\t<\/div>\n\t\t\t\t\t\t<\/div>\n\t\t\t\t<\/div>\n\t\t\t\t<div class=\"elementor-element elementor-element-e1c59aa elementor-widget elementor-widget-text-editor\" data-id=\"e1c59aa\" data-element_type=\"widget\" data-e-type=\"widget\" data-widget_type=\"text-editor.default\">\n\t\t\t\t<div class=\"elementor-widget-container\">\n\t\t\t\t\t\t\t\t\t<h1><span style=\"text-decoration: underline;\"><strong>The DOJO Squad<\/strong><\/span><\/h1><p>Date: June 11, 2023<br \/>Arena: Club Cultural Quetren<br \/>Location: Barrio Chino, Buenos Aires Province, Argentina<\/p><p><span class=\"entrances-word\"><strong>-----[<span style=\"color: #ff0000;\">ENTRANCES<\/span>]-----<\/strong><\/span><\/p><p><strong>Conubardo (Cassidy &amp; Frankie Legrand)<\/strong> - <span style=\"color: #ff0000;\">\"????\" by ????<\/span><br \/><strong>Gint Giovanna<\/strong> - \"Rainbow in the Dark\" by Dio<br \/><strong>Monarcas (\u00c9rick Fierro &amp; Ricky Rocca)<\/strong> - NO THEME<br \/><strong>Mutante Melvin <\/strong>- <span style=\"color: #ff0000;\">\"????\" by ????<\/span><br \/><strong>La Nueva D-Generaci\u00f3n (Jeyco &amp; Matt Del Mul)<\/strong> - \"Symphony of Destruction (Instrumental) (Edit) (0:12) [P.I.M.P. Intro]\" by Megadeth<br \/><strong>Pandemia<\/strong> - \"The Priest\" by Limp Bizkit<br \/><strong>Rex<\/strong> - \"Heart of a Lion (I Won't Give Up Until I Win)\" by Easy Mills &amp; Oliver Free<br \/><strong>Teo Griffin<\/strong> - \"Let Me Live \/ Let Me Die\" by Des Rocs<\/p><p>NOTE: With exception of Conubardo; Monarcas; Pandemia; and Rex, all of the matches had the entrances removed from the video. However, the winner's music played after the match.<\/p>\t\t\t\t\t\t\t\t<\/div>\n\t\t\t\t<\/div>\n\t\t\t\t<div class=\"elementor-element elementor-element-0e6e4a1 elementor-widget-divider--view-line elementor-widget elementor-widget-divider\" data-id=\"0e6e4a1\" data-element_type=\"widget\" data-e-type=\"widget\" data-widget_type=\"divider.default\">\n\t\t\t\t<div class=\"elementor-widget-container\">\n\t\t\t\t\t\t\t<div class=\"elementor-divider\">\n\t\t\t<span class=\"elementor-divider-separator\">\n\t\t\t\t\t\t<\/span>\n\t\t<\/div>\n\t\t\t\t\t\t<\/div>\n\t\t\t\t<\/div>\n\t\t\t\t<div class=\"elementor-element elementor-element-68daa30 elementor-widget elementor-widget-text-editor\" data-id=\"68daa30\" data-element_type=\"widget\" data-e-type=\"widget\" data-widget_type=\"text-editor.default\">\n\t\t\t\t<div class=\"elementor-widget-container\">\n\t\t\t\t\t\t\t\t\t<h1><span style=\"text-decoration: underline;\"><strong>Legi\u00f3n vs. el Mundo<\/strong><\/span><\/h1><p>Date: August 20, 2023<br \/>Arena: Club Cultural Quetren<br \/>Location: Barrio Chino, Buenos Aires Province, Argentina<\/p><p><span class=\"entrances-word\"><strong>-----[<span style=\"color: #ff0000;\">ENTRANCES<\/span>]-----<\/strong><\/span><\/p><p><strong>Bruno Astro<\/strong> - \"I Want It All (7\" Version)\" by Queen<br \/><strong>C.L.S. (Full Gas &amp; J-Master)<\/strong> - \"Monkey Business\" by Skid Row<br \/><strong>Francisco Rol\u00f3n<\/strong> - \"Non, Je Ne Regrette Rien\" by \u00c9dith Piaf<br \/><strong>Gint Giovanna &amp; M\u00e1ikol<\/strong> - \"Rainbow in the Dark\" by Dio<br \/><strong>Monsieur Histerie<\/strong> - \"La Raz\u00f3n Que Te Demora\" by La Renga<br \/><strong>Razo<\/strong> - \"Feuer Frei!\" by Rammstein<br \/><strong>Seccional La Plata (2) (Capuchita &amp; Guido El Demoledor)<\/strong> - \"Buscan\" by Sue\u00f1o de Pescado<br \/><strong>Teo Griffin<\/strong> - \"Let Me Live \/ Let Me Die\" by Des Rocs<\/p><p>NOTE: With exception of Rol\u00f3n; Histerie; and Griffin, all of the matches had the entrances removed from the video. However, the winner's music played after the match.<\/p>\t\t\t\t\t\t\t\t<\/div>\n\t\t\t\t<\/div>\n\t\t\t\t<div class=\"elementor-element elementor-element-bc54bad elementor-widget-divider--view-line elementor-widget elementor-widget-divider\" data-id=\"bc54bad\" data-element_type=\"widget\" data-e-type=\"widget\" data-widget_type=\"divider.default\">\n\t\t\t\t<div class=\"elementor-widget-container\">\n\t\t\t\t\t\t\t<div class=\"elementor-divider\">\n\t\t\t<span class=\"elementor-divider-separator\">\n\t\t\t\t\t\t<\/span>\n\t\t<\/div>\n\t\t\t\t\t\t<\/div>\n\t\t\t\t<\/div>\n\t\t\t\t<div class=\"elementor-element elementor-element-4d7ec2e elementor-widget elementor-widget-text-editor\" data-id=\"4d7ec2e\" data-element_type=\"widget\" data-e-type=\"widget\" data-widget_type=\"text-editor.default\">\n\t\t\t\t<div class=\"elementor-widget-container\">\n\t\t\t\t\t\t\t\t\t<h1><span style=\"text-decoration: underline;\"><strong>DOJO 80s<\/strong><\/span><\/h1><p>Date: September 10, 2023<br \/>Arena: Galp\u00f3n B<br \/>Location: San Crist\u00f3bal, Buenos Aires Province, Argentina<\/p><p><span class=\"entrances-word\"><strong>-----[<span style=\"color: #ff0000;\">ENTRANCES<\/span>]-----<\/strong><\/span><\/p><p><strong>Francisco \u00c1ckerman<\/strong> - \"DJ TAO Turreo Sessions #723\" by DJ TAO feat. Callejero Fino<br \/><strong>Gint Giovanna &amp; M\u00e1ikol<\/strong> - \"Back to the Future\" by Alan Silvestri &amp; The Outatime Orchestra<br \/><strong>Guido El Demoledor, Hunter &amp; Pandemia<\/strong> - \"Never Gonna Give You Up\" by Rick Astley<br \/><strong>Johnny Fox<\/strong> - NO THEME<br \/><strong>La Nueva D-Generaci\u00f3n (Jeyco &amp; Matt Del Mul)<\/strong> - \"Symphony of Destruction (Instrumental) (Edit) (0:12) [P.I.M.P. Intro]\" by Megadeth<br \/><strong>Monarcas (\u00c9rick Fierro, Francisco Rol\u00f3n, Ricky Rocca &amp; Siniestro)<\/strong> - \"Master of Puppets\" by Metallica<br \/><strong>Monster Chops (M.C. Killer, Mutante Melvin &amp; Valentino)<\/strong> - \"Throw Your Set in the Air\" by Cypress Hill<br \/><strong>Teo Griffin<\/strong> - \"Let Me Live \/ Let Me Die\" by Des Rocs<\/p><p>NOTE: With exception of \u00c1ckerman and Fox, all of the matches had the entrances removed. However, the winner's music played after the match.<\/p>\t\t\t\t\t\t\t\t<\/div>\n\t\t\t\t<\/div>\n\t\t\t\t<div class=\"elementor-element elementor-element-53a4929 elementor-widget-divider--view-line elementor-widget elementor-widget-divider\" data-id=\"53a4929\" data-element_type=\"widget\" data-e-type=\"widget\" data-widget_type=\"divider.default\">\n\t\t\t\t<div class=\"elementor-widget-container\">\n\t\t\t\t\t\t\t<div class=\"elementor-divider\">\n\t\t\t<span class=\"elementor-divider-separator\">\n\t\t\t\t\t\t<\/span>\n\t\t<\/div>\n\t\t\t\t\t\t<\/div>\n\t\t\t\t<\/div>\n\t\t\t\t<div class=\"elementor-element elementor-element-d552549 elementor-widget elementor-widget-text-editor\" data-id=\"d552549\" data-element_type=\"widget\" data-e-type=\"widget\" data-widget_type=\"text-editor.default\">\n\t\t\t\t<div class=\"elementor-widget-container\">\n\t\t\t\t\t\t\t\t\t<h1><span style=\"text-decoration: underline;\"><strong>Halloween-doo<\/strong><\/span><\/h1><p>Date: October 1, 2023<br \/>Arena: Club Cultural Quetren<br \/>Location: Barrio Chino, Buenos Aires Province, Argentina<\/p><p><span class=\"entrances-word\"><strong>-----[<span style=\"color: #ff0000;\">ENTRANCES<\/span>]-----<\/strong><\/span><\/p><p><strong>Cassidy<\/strong> - \"Can You Feel My Heart\" by Bring Me the Horizon<br \/><strong>Cegador, M.C. Killer &amp; Valentino<\/strong> - \"Return of the Tres\" by Delinquent Habits<br \/><strong>Gint Giovanna &amp; M\u00e1ikol<\/strong> - \"Rainbow in the Dark\" by Dio<br \/><strong>Johnny Fox<\/strong> - \"Freestyle Session #19\" by Nahuel the Coach &amp; ZAMARAY<br \/><strong>Seccional La Plata (2) (Capuchita &amp; Guido El Demoledor)<\/strong> - NO THEME<br \/><strong>Teo Griffin<\/strong> - \"Let Me Live \/ Let Me Die\" by Des Rocs<\/p><p>NOTE: All of the matches had the entrances removed from the video. However, the winner's music played after the match.<\/p>\t\t\t\t\t\t\t\t<\/div>\n\t\t\t\t<\/div>\n\t\t\t\t<div class=\"elementor-element elementor-element-1efce3d elementor-widget-divider--view-line elementor-widget elementor-widget-divider\" data-id=\"1efce3d\" data-element_type=\"widget\" data-e-type=\"widget\" data-widget_type=\"divider.default\">\n\t\t\t\t<div class=\"elementor-widget-container\">\n\t\t\t\t\t\t\t<div class=\"elementor-divider\">\n\t\t\t<span class=\"elementor-divider-separator\">\n\t\t\t\t\t\t<\/span>\n\t\t<\/div>\n\t\t\t\t\t\t<\/div>\n\t\t\t\t<\/div>\n\t\t\t\t<div class=\"elementor-element elementor-element-57eb76a elementor-widget elementor-widget-text-editor\" data-id=\"57eb76a\" data-element_type=\"widget\" data-e-type=\"widget\" data-widget_type=\"text-editor.default\">\n\t\t\t\t<div class=\"elementor-widget-container\">\n\t\t\t\t\t\t\t\t\t<h1><span style=\"text-decoration: underline;\"><strong>Operaci\u00f3n: Pedrito<\/strong><\/span><\/h1><p>Date: November 26, 2023<br \/>Arena: Club Deportivo Riestra<br \/>Location: Nueva Pompeya, Buenos Aires Province, Argentina<\/p><p><span class=\"entrances-word\"><strong>-----[<span style=\"color: #ff0000;\">ENTRANCES<\/span>]-----<\/strong><\/span><\/p><p><strong>Francisco Rol\u00f3n &amp; L.S. S\u00e1nchez<\/strong> - \"Chulo\" by Bad Gyal<br \/><strong>Gint Giovanna &amp; M\u00e1ikol<\/strong> - \"Rainbow in the Dark\" by Dio<br \/><strong>Monster Chops (M.C. Killer, Mutante Melvin &amp; Valentino)<\/strong> - \"Throw Your Set in the Air\" by Cypress Hill<br \/><strong>Nawell<\/strong> - \"Blam Blam\" by Al2 el Aldeano &amp; Vico C<br \/><strong>Zac Monsoon<\/strong> - \"Judas\" by Lady Gaga<\/p><p>NOTE: With exception of Monsoon, all of the entrances were removed from the video. However, the winner's entrance music played after the match. All of the battle royal participants had their entrances removed.<\/p>\t\t\t\t\t\t\t\t<\/div>\n\t\t\t\t<\/div>\n\t\t\t\t<div class=\"elementor-element elementor-element-1409c47 elementor-widget-divider--view-line elementor-widget elementor-widget-divider\" data-id=\"1409c47\" data-element_type=\"widget\" data-e-type=\"widget\" data-widget_type=\"divider.default\">\n\t\t\t\t<div class=\"elementor-widget-container\">\n\t\t\t\t\t\t\t<div class=\"elementor-divider\">\n\t\t\t<span class=\"elementor-divider-separator\">\n\t\t\t\t\t\t<\/span>\n\t\t<\/div>\n\t\t\t\t\t\t<\/div>\n\t\t\t\t<\/div>\n\t\t\t\t<div class=\"elementor-element elementor-element-cfa53d6 elementor-widget elementor-widget-text-editor\" data-id=\"cfa53d6\" data-element_type=\"widget\" data-e-type=\"widget\" data-widget_type=\"text-editor.default\">\n\t\t\t\t<div class=\"elementor-widget-container\">\n\t\t\t\t\t\t\t\t\t<h1><span style=\"text-decoration: underline;\"><strong>\u00bfNos Vemos el A\u00f1o Que Viene?<\/strong><\/span><\/h1><p>Date: December 3, 2023<br \/>Arena: Club Cultural Quetren<br \/>Location: Barrio Chino, Buenos Aires Province, Argentina<\/p><p><span class=\"entrances-word\"><strong>-----[<span style=\"color: #ff0000;\">ENTRANCES<\/span>]-----<\/strong><\/span><\/p><p><strong>Cassidy<\/strong> - \"Can You Feel My Heart\" by Bring Me the Horizon<br \/><strong>Jeyco<\/strong> - \"El Beta\" by Guerrilla Seca<br \/><strong>Gint Giovanna &amp; M\u00e1ikol<\/strong> - \"Rainbow in the Dark\" by Dio<br \/><strong>Guido El Demoledor<\/strong> - <span style=\"color: #ff0000;\">\"????\" by ????<\/span><br \/><strong>Johnny Fox<\/strong> - \"Freestyle Session #19\" by Nahuel the Coach &amp; ZAMARAY<strong><br \/>La Nueva D-Generaci\u00f3n (Jeyco &amp; Matt Del Mul)<\/strong> - \"Symphony of Destruction (Instrumental)\" by Megadeth<br \/><strong>Star Destroyers (Bruno Astro &amp; Ryan O Patr\u00e3o)<\/strong> - \"Midnight Express Theme\" by Mark Hallman<br \/><strong>Teo Griffin<\/strong> - \"Let Me Live \/ Let Me Die\" by Des Rocs<\/p><p>NOTE: With exception of La Nueva D-Generaci\u00f3n, all of the matches had the entrances removed from the video. However, the winner's music played after the match.<\/p>\t\t\t\t\t\t\t\t<\/div>\n\t\t\t\t<\/div>\n\t\t\t\t\t<\/div>\n\t\t<\/div>\n\t\t\t\t\t<\/div>\n\t\t<\/section>\n\t\t\t\t<\/div>\n\t\t","protected":false},"excerpt":{"rendered":"<p>Campeones del Mundo Date: February 12, 2023Arena: Teatro MandrilLocation: San Crist\u00f3bal, Buenos Aires Province, Argentina -----[ENTRANCES]----- Bobby Cruz - \"????\" by ????\u00c9rick Fierro, Francisco Rol\u00f3n Juanma La Volpe &amp; Siniestro\u00a0- \"Llego Pap\u00e1\" by El Cuarteto de Nos*Los Brodys Lovis (Platino &amp; Siniestro) - \"Muchachos, Ahora Nos Volvimos a Ilusionar\" by La Mosca Ts\u00e9-Ts\u00e9CJC &amp; Hood...<\/p>\n","protected":false},"author":4,"featured_media":0,"parent":40085,"menu_order":0,"comment_status":"closed","ping_status":"closed","template":"","meta":{"_kad_post_transparent":"","_kad_post_title":"","_kad_post_layout":"","_kad_post_sidebar_id":"","_kad_post_content_style":"","_kad_post_vertical_padding":"","_kad_post_feature":"","_kad_post_feature_position":"","_kad_post_header":false,"_kad_post_footer":false,"_kad_post_classname":"","footnotes":""},"class_list":["post-40293","page","type-page","status-publish","hentry"],"_links":{"self":[{"href":"http:\/\/www.antdogs.com\/thewemdb\/wp-json\/wp\/v2\/pages\/40293","targetHints":{"allow":["GET"]}}],"collection":[{"href":"http:\/\/www.antdogs.com\/thewemdb\/wp-json\/wp\/v2\/pages"}],"about":[{"href":"http:\/\/www.antdogs.com\/thewemdb\/wp-json\/wp\/v2\/types\/page"}],"author":[{"embeddable":true,"href":"http:\/\/www.antdogs.com\/thewemdb\/wp-json\/wp\/v2\/users\/4"}],"replies":[{"embeddable":true,"href":"http:\/\/www.antdogs.com\/thewemdb\/wp-json\/wp\/v2\/comments?post=40293"}],"version-history":[{"count":55,"href":"http:\/\/www.antdogs.com\/thewemdb\/wp-json\/wp\/v2\/pages\/40293\/revisions"}],"predecessor-version":[{"id":93546,"href":"http:\/\/www.antdogs.com\/thewemdb\/wp-json\/wp\/v2\/pages\/40293\/revisions\/93546"}],"up":[{"embeddable":true,"href":"http:\/\/www.antdogs.com\/thewemdb\/wp-json\/wp\/v2\/pages\/40085"}],"wp:attachment":[{"href":"http:\/\/www.antdogs.com\/thewemdb\/wp-json\/wp\/v2\/media?parent=40293"}],"curies":[{"name":"wp","href":"https:\/\/api.w.org\/{rel}","templated":true}]}}