{"id":36753,"date":"2023-10-03T03:27:20","date_gmt":"2023-10-03T06:27:20","guid":{"rendered":"http:\/\/www.antdogs.com\/thewemdb\/?page_id=36753"},"modified":"2026-03-14T22:52:36","modified_gmt":"2026-03-15T01:52:36","slug":"2022-2","status":"publish","type":"page","link":"http:\/\/www.antdogs.com\/thewemdb\/promotions\/eu\/pwo\/events\/2022\/","title":{"rendered":"2022"},"content":{"rendered":"\t\t<div data-elementor-type=\"wp-page\" data-elementor-id=\"36753\" class=\"elementor elementor-36753\">\n\t\t\t\t\t\t<section class=\"elementor-section elementor-top-section elementor-element elementor-element-441eed7 elementor-section-boxed elementor-section-height-default elementor-section-height-default\" data-id=\"441eed7\" data-element_type=\"section\" data-e-type=\"section\">\n\t\t\t\t\t\t<div class=\"elementor-container elementor-column-gap-default\">\n\t\t\t\t\t<div class=\"elementor-column elementor-col-100 elementor-top-column elementor-element elementor-element-a24cd55\" data-id=\"a24cd55\" data-element_type=\"column\" data-e-type=\"column\">\n\t\t\t<div class=\"elementor-widget-wrap elementor-element-populated\">\n\t\t\t\t\t\t<div class=\"elementor-element elementor-element-a050566 elementor-widget elementor-widget-text-editor\" data-id=\"a050566\" data-element_type=\"widget\" data-e-type=\"widget\" data-widget_type=\"text-editor.default\">\n\t\t\t\t<div class=\"elementor-widget-container\">\n\t\t\t\t\t\t\t\t\t<div id=\"ez-toc-container\" class=\"ez-toc-v2_0_82_2 counter-hierarchy ez-toc-counter ez-toc-custom ez-toc-container-direction\">\n<label for=\"ez-toc-cssicon-toggle-item-69fd2786a5044\" class=\"ez-toc-cssicon-toggle-label\"><div class=\"ez-toc-title\" style=\"cursor:inherit\">2022 in Pro Wrestling \u00d6sterreich<\/div>\n<span class=\"ez-toc-cssicon\"><span class=\"eztoc-hide\" style=\"display:none;\">Toggle<\/span><span class=\"ez-toc-icon-toggle-span\"><svg style=\"fill: #0a0a0a;color:#0a0a0a\" xmlns=\"http:\/\/www.w3.org\/2000\/svg\" class=\"list-377408\" width=\"20px\" height=\"20px\" viewBox=\"0 0 24 24\" fill=\"none\"><path d=\"M6 6H4v2h2V6zm14 0H8v2h12V6zM4 11h2v2H4v-2zm16 0H8v2h12v-2zM4 16h2v2H4v-2zm16 0H8v2h12v-2z\" fill=\"currentColor\"><\/path><\/svg><svg style=\"fill: #0a0a0a;color:#0a0a0a\" class=\"arrow-unsorted-368013\" xmlns=\"http:\/\/www.w3.org\/2000\/svg\" width=\"10px\" height=\"10px\" viewBox=\"0 0 24 24\" version=\"1.2\" baseProfile=\"tiny\"><path d=\"M18.2 9.3l-6.2-6.3-6.2 6.3c-.2.2-.3.4-.3.7s.1.5.3.7c.2.2.4.3.7.3h11c.3 0 .5-.1.7-.3.2-.2.3-.5.3-.7s-.1-.5-.3-.7zM5.8 14.7l6.2 6.3 6.2-6.3c.2-.2.3-.5.3-.7s-.1-.5-.3-.7c-.2-.2-.4-.3-.7-.3h-11c-.3 0-.5.1-.7.3-.2.2-.3.5-.3.7s.1.5.3.7z\"\/><\/svg><\/span><\/span><\/label><input type=\"checkbox\"  id=\"ez-toc-cssicon-toggle-item-69fd2786a5044\"  \/><nav><ul class='ez-toc-list ez-toc-list-level-1 ' ><li class='ez-toc-page-1 ez-toc-heading-level-1'><a class=\"ez-toc-link ez-toc-heading-1\" href=\"http:\/\/www.antdogs.com\/thewemdb\/promotions\/eu\/pwo\/events\/2022\/#Kapitel_2_Vergeltung\" >Kapitel 2: Vergeltung<\/a><\/li><li class='ez-toc-page-1 ez-toc-heading-level-1'><a class=\"ez-toc-link ez-toc-heading-2\" href=\"http:\/\/www.antdogs.com\/thewemdb\/promotions\/eu\/pwo\/events\/2022\/#Kapitel_3_Goldfieber\" >Kapitel 3: Goldfieber<\/a><\/li><\/ul><\/nav><\/div>\n\t\t\t\t\t\t\t\t<\/div>\n\t\t\t\t<\/div>\n\t\t\t\t<div class=\"elementor-element elementor-element-f4f0636 elementor-widget-divider--view-line elementor-widget elementor-widget-divider\" data-id=\"f4f0636\" data-element_type=\"widget\" data-e-type=\"widget\" data-widget_type=\"divider.default\">\n\t\t\t\t<div class=\"elementor-widget-container\">\n\t\t\t\t\t\t\t<div class=\"elementor-divider\">\n\t\t\t<span class=\"elementor-divider-separator\">\n\t\t\t\t\t\t<\/span>\n\t\t<\/div>\n\t\t\t\t\t\t<\/div>\n\t\t\t\t<\/div>\n\t\t\t\t<div class=\"elementor-element elementor-element-0e74bcf elementor-widget elementor-widget-text-editor\" data-id=\"0e74bcf\" data-element_type=\"widget\" data-e-type=\"widget\" data-widget_type=\"text-editor.default\">\n\t\t\t\t<div class=\"elementor-widget-container\">\n\t\t\t\t\t\t\t\t\t<h1><span style=\"text-decoration: underline;\"><strong>Kapitel 2: Vergeltung<\/strong><\/span><\/h1><p>Date: April 23, 2022<br \/>Arena: Barbarahalle<br \/>Location: Gr\u00fcnbach am Schneeberg, Lower Austria, Austria<\/p><p><span class=\"entrances-word\"><strong>-----[<span style=\"color: #ff0000;\">ENTRANCES<\/span>]-----<\/strong><\/span><\/p><p><strong>Chris Colen<\/strong> - \"Can't Hold Us\" by Macklemore &amp; Ryan Lewis feat. Ray Dalton<br \/><strong>Damon Brix<\/strong> - \"The Western Music\" by 2BStudio (from AudioJungle)<br \/><strong>David Oliwa<\/strong> - \"Lethal\" by Karl Casey (AKA: White Bat Audio)<br \/><strong>The Dirty Brothers (Franz Schlederer &amp; Hubert Fritz)<\/strong> - \"Feuer Frei!\" by Rammstein<br \/><strong>Erkan Sulcani<\/strong> - \"My Blood in You\" by Jo\u00e3o Shepperd<br \/><strong>Guly\u00e1s Bros (\u00d6csi Guly\u00e1s &amp; Vilmos Guly\u00e1s)<\/strong> - \"Kis Kece L\u00e1nyom..., Szeg\u00e9ny Leg\u00e9ny Vagyok \u00c9n... (Edit)\" by Palmetta<br \/><strong>Igoooor<\/strong> - <span style=\"color: #ff0000;\">\"Chelsea Dagger (Edit) (0:24) [???? \/ Joker and the Thief Intro]\" by The Fratellis<\/span><br \/><strong>Iva Kolasky<\/strong> - \"Play It Cool\" by Ivan Malkov (AKA: Infraction) (from InAudio)<br \/><strong>Jessy Jay<\/strong> - <span style=\"color: #ff0000;\">\"????\" by ????<\/span><br \/><strong>Lucifer Lohan<\/strong> - \"Deicide (Godkiller)\" by Hands of God<br \/><strong>Maverick<\/strong> - \"Enter the Ring\" by Raw (from Artlist)<br \/><strong>Mexxberg<\/strong> - \"Black Heart Malice\" by Che'Z Collins (AKA: The Enigma TNG)<br \/><strong>Midcard Revolution (Joe Bravo &amp; Ricky Sky)<\/strong> - \"Montagues &amp; Capulets (Live)\" by Epica<br \/><strong>Moxie<\/strong> - \"Mit System\" by Toter Roter Fisch<br \/><strong>Norman Harras<\/strong> - \"I Need U (Edit) (0:36)\" by NOIXES<br \/><strong>Orsi<\/strong> - \"RAGE\" by SAOTOMAMORE<br \/><strong>P\u00e9ter Tihanyi<\/strong> - \"Seven Nation Army vs. Snakes (Martin Garrix Ultra Mashup) (Edit)\" by Ill Phil vs. Mesto vs. Sikdope<br \/><strong>Peter White<\/strong> - \"The Time Is Now\" by Jayde Garrow<br \/><strong>Ragnar Alvarr<\/strong> - \"Trollhammaren\" by Finntroll<br \/><strong>Ricky Sky<\/strong> - <span style=\"color: #ff0000;\">\"Mello Good\" by ????<\/span><br \/><strong>Robert Dreissker<\/strong> - \"Underworld\" by Karl Casey (AKA: White Bat Audio)<br \/><strong>Salva<\/strong> - \"Be a Voice Not an Echo\" by SIVA<br \/><strong>Team Darius (Darius, Tamatou, Tornado &amp; Torpedo)<\/strong> - \"Kiss From a Rose [No Sweat \/ Turbulence Intro]\" by No Fair Fights<\/p>\t\t\t\t\t\t\t\t<\/div>\n\t\t\t\t<\/div>\n\t\t\t\t<div class=\"elementor-element elementor-element-50dd071 elementor-widget-divider--view-line elementor-widget elementor-widget-divider\" data-id=\"50dd071\" data-element_type=\"widget\" data-e-type=\"widget\" data-widget_type=\"divider.default\">\n\t\t\t\t<div class=\"elementor-widget-container\">\n\t\t\t\t\t\t\t<div class=\"elementor-divider\">\n\t\t\t<span class=\"elementor-divider-separator\">\n\t\t\t\t\t\t<\/span>\n\t\t<\/div>\n\t\t\t\t\t\t<\/div>\n\t\t\t\t<\/div>\n\t\t\t\t<div class=\"elementor-element elementor-element-b7faa4e elementor-widget elementor-widget-text-editor\" data-id=\"b7faa4e\" data-element_type=\"widget\" data-e-type=\"widget\" data-widget_type=\"text-editor.default\">\n\t\t\t\t<div class=\"elementor-widget-container\">\n\t\t\t\t\t\t\t\t\t<h1><span style=\"text-decoration: underline;\"><strong>Kapitel 3: Goldfieber<\/strong><\/span><\/h1><p>Date: September 10, 2022<br \/>Arena: Kulturhaus Pottschach<br \/>Location: Ternitz, Lower Austria, Austria<\/p><p><span class=\"entrances-word\"><strong>-----[<span style=\"color: #ff0000;\">ENTRANCES<\/span>]-----<\/strong><\/span><\/p><p><strong>Axel Tischer<\/strong> - \"The Howling\" by Max Kusari feat. xHIGHTOWERx<br \/><strong>Chris Colen<\/strong> - \"Can't Hold Us\" by Macklemore &amp; Ryan Lewis feat. Ray Dalton<br \/><strong>Darius<\/strong> - \"Unique\" by FIBEL<br \/><strong>David Oliwa<\/strong> - \"Escape (The Pi\u00f1a Colada Song)\" by Rupert Holmes<br \/><strong>Guly\u00e1s Bros (\u00d6csi Guly\u00e1s &amp; Vilmos Guly\u00e1s)<\/strong> - \"Kis Kece L\u00e1nyom..., Szeg\u00e9ny Leg\u00e9ny Vagyok \u00c9n... (Edit)\" by Palmetta<br \/><strong>Igoooor<\/strong> -<span style=\"color: #ff0000;\"> \"Chelsea Dagger (Edit) (0:24) [???? \/ Joker and the Thief Intro]\" by The Fratellis<\/span><br \/><strong>Lucifer Lohan<\/strong> - \"Deicide (Godkiller)\" by Hands of God<br \/><strong>Martn Pain<\/strong> - \"Redneck\" by Lamb of God<br \/><strong>Mexxberg<\/strong> - \"Black Heart Malice\" by The Enigma TNG<br \/><strong>Michael Oku<\/strong> - <span style=\"color: #ff0000;\">\"No Control (Edit) [???? \/ \"Now We Play\" Intro]\" by Mikey Rukus feat. Doe the Paperboy &amp; Tristan McIntosh<\/span><br \/><strong>Midcard Revolution (Binolt Leach, Joe Bravo &amp; Sultanov)<\/strong> - \"Four Seasons Nightmare [Heartbeat SFX Intro]\" by Lionel Yu (AKA: We Are One) feat. Irina Markevich &amp; Wiley West<br \/><strong>Monster Consulting (Julian Nero &amp; Robert Dreissker)<\/strong> - <span style=\"color: #ff0000;\">\"He Lives (Edit #2) [???? \/ Static SFX \/ Air Raid Siren SFX Intro]\" by Frank Klepacki<\/span><br \/><strong>Moxie<\/strong> - \"Mit System\" by Toter Roter Fisch<br \/><strong>Orsi<\/strong> - \"RAGE\" by SAOTOMAMORE<br \/><strong>P\u00e9ter Tihanyi<\/strong> - \"Seven Nation Army vs. Snakes (Martin Garrix Ultra Mashup) (Edit)\" by Ill Phil vs. Mesto vs. Sikdope<br \/><strong>Ragnar Alvarr<\/strong> - \"Trollhammaren\" by Finntroll<br \/><strong>Ricky Sky<\/strong> - <span style=\"color: #ff0000;\">\"Mello Good\" by ????<\/span><br \/><strong>Robert Dreissker<\/strong> - \"Underworld\" by Karl Casey (AKA: White Bat Audio)<br \/><strong>Salva<\/strong> - \"Be a Voice Not an Echo\" by SIVA<br \/><strong>Team Turbulence (Tornado &amp; Torpedo)<\/strong> - \"Turbulence (Original Mix) (Edit)\" by Laidback Luke &amp; Steve Aoki feat. Lil Jon<\/p>\t\t\t\t\t\t\t\t<\/div>\n\t\t\t\t<\/div>\n\t\t\t\t\t<\/div>\n\t\t<\/div>\n\t\t\t\t\t<\/div>\n\t\t<\/section>\n\t\t\t\t<\/div>\n\t\t","protected":false},"excerpt":{"rendered":"<p>Kapitel 2: Vergeltung Date: April 23, 2022Arena: BarbarahalleLocation: Gr\u00fcnbach am Schneeberg, Lower Austria, Austria -----[ENTRANCES]----- Chris Colen - \"Can't Hold Us\" by Macklemore &amp; Ryan Lewis feat. Ray DaltonDamon Brix - \"The Western Music\" by 2BStudio (from AudioJungle)David Oliwa - \"Lethal\" by Karl Casey (AKA: White Bat Audio)The Dirty Brothers (Franz Schlederer &amp; Hubert Fritz)...<\/p>\n","protected":false},"author":4,"featured_media":0,"parent":36718,"menu_order":0,"comment_status":"closed","ping_status":"closed","template":"","meta":{"_kad_post_transparent":"","_kad_post_title":"","_kad_post_layout":"","_kad_post_sidebar_id":"","_kad_post_content_style":"","_kad_post_vertical_padding":"","_kad_post_feature":"","_kad_post_feature_position":"","_kad_post_header":false,"_kad_post_footer":false,"_kad_post_classname":"","footnotes":""},"class_list":["post-36753","page","type-page","status-publish","hentry"],"_links":{"self":[{"href":"http:\/\/www.antdogs.com\/thewemdb\/wp-json\/wp\/v2\/pages\/36753","targetHints":{"allow":["GET"]}}],"collection":[{"href":"http:\/\/www.antdogs.com\/thewemdb\/wp-json\/wp\/v2\/pages"}],"about":[{"href":"http:\/\/www.antdogs.com\/thewemdb\/wp-json\/wp\/v2\/types\/page"}],"author":[{"embeddable":true,"href":"http:\/\/www.antdogs.com\/thewemdb\/wp-json\/wp\/v2\/users\/4"}],"replies":[{"embeddable":true,"href":"http:\/\/www.antdogs.com\/thewemdb\/wp-json\/wp\/v2\/comments?post=36753"}],"version-history":[{"count":25,"href":"http:\/\/www.antdogs.com\/thewemdb\/wp-json\/wp\/v2\/pages\/36753\/revisions"}],"predecessor-version":[{"id":95241,"href":"http:\/\/www.antdogs.com\/thewemdb\/wp-json\/wp\/v2\/pages\/36753\/revisions\/95241"}],"up":[{"embeddable":true,"href":"http:\/\/www.antdogs.com\/thewemdb\/wp-json\/wp\/v2\/pages\/36718"}],"wp:attachment":[{"href":"http:\/\/www.antdogs.com\/thewemdb\/wp-json\/wp\/v2\/media?parent=36753"}],"curies":[{"name":"wp","href":"https:\/\/api.w.org\/{rel}","templated":true}]}}