{"id":36723,"date":"2023-10-02T02:31:09","date_gmt":"2023-10-02T05:31:09","guid":{"rendered":"http:\/\/www.antdogs.com\/thewemdb\/?page_id=36723"},"modified":"2025-10-08T19:59:36","modified_gmt":"2025-10-08T22:59:36","slug":"2021-2","status":"publish","type":"page","link":"http:\/\/www.antdogs.com\/thewemdb\/promotions\/eu\/pwo\/events\/2021\/","title":{"rendered":"2021"},"content":{"rendered":"\t\t<div data-elementor-type=\"wp-page\" data-elementor-id=\"36723\" class=\"elementor elementor-36723\">\n\t\t\t\t\t\t<section class=\"elementor-section elementor-top-section elementor-element elementor-element-85494c6 elementor-section-boxed elementor-section-height-default elementor-section-height-default\" data-id=\"85494c6\" data-element_type=\"section\" data-e-type=\"section\">\n\t\t\t\t\t\t<div class=\"elementor-container elementor-column-gap-default\">\n\t\t\t\t\t<div class=\"elementor-column elementor-col-100 elementor-top-column elementor-element elementor-element-283d07c\" data-id=\"283d07c\" data-element_type=\"column\" data-e-type=\"column\">\n\t\t\t<div class=\"elementor-widget-wrap elementor-element-populated\">\n\t\t\t\t\t\t<div class=\"elementor-element elementor-element-7a0f001 elementor-widget elementor-widget-text-editor\" data-id=\"7a0f001\" data-element_type=\"widget\" data-e-type=\"widget\" data-widget_type=\"text-editor.default\">\n\t\t\t\t<div class=\"elementor-widget-container\">\n\t\t\t\t\t\t\t\t\t<h1><span style=\"text-decoration: underline;\"><strong>Kapitel 1: Kaiser von \u00d6sterreich<\/strong><\/span><\/h1><p>Date: September 11, 2021<br \/>Arena: Kulturhaus Pottschach<br \/>Location: Ternitz, Lower Austria, Austria<\/p><p><span class=\"entrances-word\"><strong>-----[<span style=\"color: #ff0000;\">ENTRANCES<\/span>]-----<\/strong><\/span><\/p><p><strong>Anil Marik<\/strong> - \"Overdrive\" by Chris Blackwell (from Music De Wolfe)<br \/><strong>Chris Colen<\/strong> - \"Can't Hold Us\" by Macklemore &amp; Ryan Lewis feat. Ray Dalton<br \/><strong>Christian V. Falkenstein<\/strong> - \"Requiem in D Minor, KV 626 - Dies Irae (Allegro Assai)\" by Barbara Scherler, Elly Ameling, Louis Devos, Michel Corboz, Roger Soyer &amp; Choeur Symphonique et Orchestre de la Fondation Gulbenkian de Lisbonne<br \/><strong>Darius<\/strong> - \"Kiss From a Rose\" by No Fair Fights<br \/><strong>Guly\u00e1s Bros (\u00d6csi Guly\u00e1s &amp; Vilmos Guly\u00e1s)<\/strong> - \"Mishka!\" by Vector of Underground<br \/><strong>Igoooor<\/strong> -<span style=\"color: #ff0000;\"> \"Chelsea Dagger (Edit) (0:24) [???? \/ Joker and the Thief Intro]\" by The Fratellis<\/span><br \/><strong>Jessy Jay<\/strong> - \"Rock Me Amadeus (DJ John B. Remix) [\"Jessy Jay\" Intro]\" by Falco<br \/><strong>Joe Bravo<\/strong> - \"Wiener Blut\" by Falco<br \/><strong>Lindenstein<\/strong> - \"Rammstein (Instrumental)\" by dead_insider_<br \/><strong>Lucifer Lohan<\/strong> - \"Bad Medicine\" by Die Mannequin<br \/><strong>Martn Pain<\/strong> - \"Redneck\" by Lamb of God<br \/><strong>Mexxberg<\/strong> - \"The Book of Heavy Metal (March of the Metallians)\" by Dream Evil<br \/><strong>Norman Harras<\/strong> - \"NDW 2005 (Radio Version) (Edit) (0:11) [NDW 2005 (Instrumental) Intro]\" by Fler<br \/><strong>Peter White<\/strong> - \"Rock Candy\" by Bulletboys<br \/><strong>Ricky Sky<\/strong> - <span style=\"color: #ff0000;\">\"Mello Good\" by ????<\/span><br \/><strong>Robert Dreissker<\/strong> - \"He Lives (Edit #1)\" by Frank Klepacki<br \/><strong>Salva<\/strong> - \"Be a Voice Not an Echo\" by SIVA<br \/><strong>Slammerella<\/strong> - \"National Aerobic Championship Theme\" by Ty Parr<br \/><strong>Tamatou<\/strong> - \"No Sweat\" by North and South<br \/><strong>Team Turbulence (Tornado &amp; Torpedo)<\/strong> - \"Turbulence (Original Mix) (Edit)\" by Laidback Luke &amp; Steve Aoki feat. Lil Jon<\/p>\t\t\t\t\t\t\t\t<\/div>\n\t\t\t\t<\/div>\n\t\t\t\t\t<\/div>\n\t\t<\/div>\n\t\t\t\t\t<\/div>\n\t\t<\/section>\n\t\t\t\t<\/div>\n\t\t","protected":false},"excerpt":{"rendered":"<p>Kapitel 1: Kaiser von \u00d6sterreich Date: September 11, 2021Arena: Kulturhaus PottschachLocation: Ternitz, Lower Austria, Austria -----[ENTRANCES]----- Anil Marik - \"Overdrive\" by Chris Blackwell (from Music De Wolfe)Chris Colen - \"Can't Hold Us\" by Macklemore &amp; Ryan Lewis feat. Ray DaltonChristian V. Falkenstein - \"Requiem in D Minor, KV 626 - Dies Irae (Allegro Assai)\" by...<\/p>\n","protected":false},"author":4,"featured_media":0,"parent":36718,"menu_order":0,"comment_status":"closed","ping_status":"closed","template":"","meta":{"_kad_post_transparent":"","_kad_post_title":"","_kad_post_layout":"","_kad_post_sidebar_id":"","_kad_post_content_style":"","_kad_post_vertical_padding":"","_kad_post_feature":"","_kad_post_feature_position":"","_kad_post_header":false,"_kad_post_footer":false,"_kad_post_classname":"","footnotes":""},"class_list":["post-36723","page","type-page","status-publish","hentry"],"_links":{"self":[{"href":"http:\/\/www.antdogs.com\/thewemdb\/wp-json\/wp\/v2\/pages\/36723","targetHints":{"allow":["GET"]}}],"collection":[{"href":"http:\/\/www.antdogs.com\/thewemdb\/wp-json\/wp\/v2\/pages"}],"about":[{"href":"http:\/\/www.antdogs.com\/thewemdb\/wp-json\/wp\/v2\/types\/page"}],"author":[{"embeddable":true,"href":"http:\/\/www.antdogs.com\/thewemdb\/wp-json\/wp\/v2\/users\/4"}],"replies":[{"embeddable":true,"href":"http:\/\/www.antdogs.com\/thewemdb\/wp-json\/wp\/v2\/comments?post=36723"}],"version-history":[{"count":16,"href":"http:\/\/www.antdogs.com\/thewemdb\/wp-json\/wp\/v2\/pages\/36723\/revisions"}],"predecessor-version":[{"id":85215,"href":"http:\/\/www.antdogs.com\/thewemdb\/wp-json\/wp\/v2\/pages\/36723\/revisions\/85215"}],"up":[{"embeddable":true,"href":"http:\/\/www.antdogs.com\/thewemdb\/wp-json\/wp\/v2\/pages\/36718"}],"wp:attachment":[{"href":"http:\/\/www.antdogs.com\/thewemdb\/wp-json\/wp\/v2\/media?parent=36723"}],"curies":[{"name":"wp","href":"https:\/\/api.w.org\/{rel}","templated":true}]}}